{"id":98,"date":"2020-07-13T13:26:34","date_gmt":"2020-07-13T13:26:34","guid":{"rendered":"http:\/\/mb-cf.eu\/?page_id=98"},"modified":"2022-03-04T07:28:44","modified_gmt":"2022-03-04T07:28:44","slug":"impressum","status":"publish","type":"page","link":"https:\/\/mbcorporatefinance.com\/?page_id=98","title":{"rendered":"Impressum"},"content":{"rendered":"\t\t<div data-elementor-type=\"wp-page\" data-elementor-id=\"98\" class=\"elementor elementor-98\">\n\t\t\t\t\t\t<section class=\"elementor-section elementor-top-section elementor-element elementor-element-b7f0630 elementor-section-boxed elementor-section-height-default elementor-section-height-default\" data-id=\"b7f0630\" data-element_type=\"section\" data-e-type=\"section\">\n\t\t\t\t\t\t<div class=\"elementor-container elementor-column-gap-default\">\n\t\t\t\t\t<div class=\"elementor-column elementor-col-100 elementor-top-column elementor-element elementor-element-514bcb8\" data-id=\"514bcb8\" data-element_type=\"column\" data-e-type=\"column\">\n\t\t\t<div class=\"elementor-widget-wrap elementor-element-populated\">\n\t\t\t\t\t\t<div class=\"elementor-element elementor-element-673b4d0 elementor-widget elementor-widget-text-editor\" data-id=\"673b4d0\" data-element_type=\"widget\" data-e-type=\"widget\" data-widget_type=\"text-editor.default\">\n\t\t\t\t<div class=\"elementor-widget-container\">\n\t\t\t\t\t\t\t\t\t<p><span style=\"font-family: lato, helvetica, sans-serif;\"><span style=\"font-size: 12pt;\"><a title=\"Mehr \u00fcber die Consulting-Haftpflicht von MB Corporate Finance GmbH, M\u00fchlhausen-Ehingen\" href=\"https:\/\/www.exali.de\/siegel\/MB-Corporate-Finance-GmbH\" target=\"_blank\" rel=\"nofollow noopener\"><img decoding=\"async\" class=\"alignright\" src=\"\/\/siegel.exali.de\/siegel\/Haftpflicht_Siegel_1_0eaea9e53f04668cd253ff6d2eb81d64.png\" alt=\"Mehr \u00fcber die Consulting-Haftpflicht von MB Corporate Finance GmbH, M\u00fchlhausen-Ehingen\" width=\"100\" height=\"100\" border=\"0\"><\/a><\/span><b><\/b><\/span><\/p>\n<p style=\"text-align: left;\"><span style=\"font-family: lato, helvetica, sans-serif;\"><b>MB Corporate&nbsp;<\/b><b>Finance<\/b><b>&nbsp;GmbH<\/b><\/span><\/p>\n<p style=\"text-align: left;\"><span style=\"font-family: lato, helvetica, sans-serif;\">Weidenstra\u00dfe&nbsp;2&nbsp;<\/span><\/p>\n<p style=\"text-align: left;\"><span style=\"font-family: lato, helvetica, sans-serif;\">78259 M\u00fchlhausen-Ehingen&nbsp;<\/span><\/p>\n<p style=\"text-align: left;\"><span style=\"font-family: lato, helvetica, sans-serif;\">Telefon: +49 7733 50999 10&nbsp;<\/span><\/p>\n<p style=\"text-align: left;\"><span style=\"font-family: lato, helvetica, sans-serif;\">info@mbcorporatefinance.com<\/span><\/p>\n<p style=\"text-align: left;\"><span style=\"font-family: lato, helvetica, sans-serif;\">&nbsp;<\/span><\/p>\n<p style=\"text-align: left;\"><span style=\"font-family: lato, helvetica, sans-serif;\">Gesch\u00e4ftsf\u00fchrung: Matthias&nbsp;Biethinger<\/span><\/p>\n<p style=\"text-align: left;\"><span style=\"font-family: lato, helvetica, sans-serif;\">Registergericht: Amtsgericht Freiburg im Breisgau&nbsp;<\/span><\/p>\n<p style=\"text-align: left;\"><span style=\"font-family: lato, helvetica, sans-serif;\">Registernummer: HRB 721899&nbsp;<\/span><\/p>\n<p style=\"text-align: left;\"><span style=\"font-family: lato, helvetica, sans-serif;\">&nbsp;<\/span><\/p>\n<p style=\"text-align: left;\"><span style=\"font-family: lato, helvetica, sans-serif;\">Umsatzsteuer-Identifikationsnummer gem\u00e4\u00df \u00a7 27 a Umsatzsteuergesetz: DE339517239<\/span><\/p>\n<p style=\"text-align: left;\"><span style=\"font-family: lato, helvetica, sans-serif;\">&nbsp;<\/span><\/p>\n<p style=\"text-align: left;\"><span style=\"font-family: lato, helvetica, sans-serif;\"><b>Verantwortlich f\u00fcr den Inhalt nach \u00a7 55 Abs. 2&nbsp;RStV:&nbsp;<\/b><\/span><\/p>\n<p style=\"text-align: left;\"><span style=\"font-family: lato, helvetica, sans-serif;\">&nbsp;Matthias&nbsp;Biethinger<\/span><br><\/p>\n<p style=\"text-align: left;\"><span style=\"font-family: lato, helvetica, sans-serif;\">Weidenstra\u00dfe&nbsp;2&nbsp;<\/span><\/p>\n<p style=\"text-align: left;\"><span style=\"font-family: lato, helvetica, sans-serif;\">78259 M\u00fchlhausen-Ehingen&nbsp;<\/span><\/p>\n<p style=\"text-align: left;\"><span style=\"font-family: lato, helvetica, sans-serif;\">&nbsp;<\/span><\/p>\n<p style=\"text-align: left;\"><span style=\"font-family: lato, helvetica, sans-serif;\">MB Corporate&nbsp;Finance&nbsp;GmbH betreibt kein Bankgesch\u00e4ft oder Finanzdienstleistungen&nbsp;i.S.d. \u00a71 KWG.&nbsp;<\/span><\/p>\n<p style=\"text-align: left;\"><span style=\"font-family: lato, helvetica, sans-serif;\">&nbsp;<\/span><\/p>\n<p style=\"text-align: left;\"><span style=\"font-family: lato, helvetica, sans-serif;\"><b>Haftung f\u00fcr Inhalte&nbsp;<\/b><\/span><\/p>\n<p style=\"text-align: left;\"><span style=\"font-family: lato, helvetica, sans-serif;\">&nbsp;<\/span><\/p>\n<p style=\"text-align: left;\"><span style=\"font-family: lato, helvetica, sans-serif;\">Die Inhalte&nbsp;dieser&nbsp;Seiten wurden mit gr\u00f6\u00dfter Sorgfalt erstellt. F\u00fcr die Richtigkeit, Vollst\u00e4ndigkeit und Aktualit\u00e4t der Inhalte kann&nbsp;jedoch keine Gew\u00e4hr&nbsp;\u00fcbernommen werden. Als&nbsp;Diensteanbieter&nbsp;ist die MB Corporate&nbsp;Finance&nbsp;GmbH&nbsp;gem\u00e4\u00df \u00a7 7 Abs.1 TMG f\u00fcr eigene Inhalte auf diesen Seiten nach den allgemeinen Gesetzen verantwortlich. Nach \u00a7\u00a7 8 bis 10 TMG&nbsp;ist die MB Corporate&nbsp;Finance&nbsp;GmbH&nbsp;als&nbsp;Diensteanbieter&nbsp;jedoch nicht verpflichtet, \u00fcbermittelte oder gespeicherte fremde Informationen zu \u00fcberwachen oder nach Umst\u00e4nden zu forschen, die auf eine rechtswidrige T\u00e4tigkeit hinweisen. Verpflichtungen zur Entfernung oder Sperrung der Nutzung von Informationen nach den allgemeinen Gesetzen bleiben hiervon unber\u00fchrt. Eine diesbez\u00fcgliche Haftung ist jedoch erst ab dem Zeitpunkt der Kenntnis einer konkreten Rechtsverletzung m\u00f6glich. Bei Bekanntwerden von entsprechenden Rechtsverletzungen wird&nbsp;die MB Corporate&nbsp;Finance&nbsp;GmbH&nbsp;diese Inhalte umgehend entfernen.&nbsp;<\/span><\/p>\n<p style=\"text-align: left;\"><span style=\"font-family: lato, helvetica, sans-serif;\">&nbsp;<\/span><\/p>\n<p style=\"text-align: left;\"><span style=\"font-family: lato, helvetica, sans-serif;\"><b>Haftung f\u00fcr Links&nbsp;<\/b><\/span><\/p>\n<p style=\"text-align: left;\"><span style=\"font-family: lato, helvetica, sans-serif;\">&nbsp;<\/span><\/p>\n<p style=\"text-align: left;\"><span style=\"font-family: lato, helvetica, sans-serif;\">Dieses&nbsp;Angebot enth\u00e4lt Links zu externen Webseiten Dritter, auf deren Inhalte&nbsp;die MB Corporate&nbsp;Finance&nbsp;GmbH&nbsp;keinen Einfluss hat. Deshalb&nbsp;kann&nbsp;f\u00fcr diese fremden Inhalte auch keine Gew\u00e4hr \u00fcbernommen werden. F\u00fcr die Inhalte der verlinkten Seiten ist stets der jeweilige Anbieter oder Betreiber der Seiten verantwortlich. Die verlinkten Seiten wurden zum Zeitpunkt der Verlinkung auf m\u00f6gliche Rechtsverst\u00f6\u00dfe \u00fcberpr\u00fcft. Rechtswidrige Inhalte waren zum Zeitpunkt der Verlinkung nicht erkennbar. Eine permanente inhaltliche Kontrolle der verlinkten Seiten ist jedoch ohne konkrete Anhaltspunkte einer Rechtsverletzung nicht zumutbar. Bei Bekanntwerden von Rechtsverletzungen wird&nbsp;die MB Corporate&nbsp;Finance&nbsp;GmbH&nbsp;derartige Links umgehend entfernen.&nbsp;<\/span><\/p>\n<p style=\"text-align: left;\"><span style=\"font-family: lato, helvetica, sans-serif;\">&nbsp;<\/span><\/p>\n<p style=\"text-align: left;\"><span style=\"font-family: lato, helvetica, sans-serif;\"><b>Urheberrecht&nbsp;<\/b><\/span><\/p>\n<p style=\"text-align: left;\"><span style=\"font-family: lato, helvetica, sans-serif;\">&nbsp;<\/span><\/p>\n<p style=\"text-align: left;\"><span style=\"font-family: lato, helvetica, sans-serif;\">Die durch die Seitenbetreiber erstellten Inhalte und Werke auf diesen Seiten unterliegen dem deutschen Urheberrecht. Die Vervielf\u00e4ltigung, Bearbeitung, Verbreitung und jede Art der Verwertung au\u00dferhalb der Grenzen des Urheberrechtes bed\u00fcrfen der schriftlichen Zustimmung des jeweiligen Autors bzw. Erstellers. Downloads und Kopien dieser Seite sind nur f\u00fcr den privaten, nicht kommerziellen Gebrauch gestattet. Soweit die Inhalte auf dieser Seite nicht vom Betreiber erstellt wurden, werden die Urheberrechte Dritter beachtet. Insbesondere werden Inhalte Dritter als solche gekennzeichnet. Sollte&nbsp;trotzdem eine Urheberrechtsverletzung&nbsp;erkennbar sein,&nbsp;gen\u00fcgt&nbsp;ein entsprechender&nbsp;Hinweis. Bei Bekanntwerden von Rechtsverletzungen wird&nbsp;die MB Corporate&nbsp;Finance&nbsp;GmbH&nbsp;derartige Inhalte umgehend entfernen<\/span><\/p>\t\t\t\t\t\t\t\t<\/div>\n\t\t\t\t<\/div>\n\t\t\t\t\t<\/div>\n\t\t<\/div>\n\t\t\t\t\t<\/div>\n\t\t<\/section>\n\t\t\t\t<\/div>\n\t\t","protected":false},"excerpt":{"rendered":"<p>MB Corporate&nbsp;Finance&nbsp;GmbH Weidenstra\u00dfe&nbsp;2&nbsp; 78259 M\u00fchlhausen-Ehingen&nbsp; Telefon: +49 7733 50999 10&nbsp; info@mbcorporatefinance.com &nbsp; Gesch\u00e4ftsf\u00fchrung: Matthias&nbsp;Biethinger Registergericht: Amtsgericht Freiburg im Breisgau&nbsp; Registernummer: HRB 721899&nbsp; &nbsp; Umsatzsteuer-Identifikationsnummer gem\u00e4\u00df \u00a7 27 a Umsatzsteuergesetz: DE339517239 &nbsp; Verantwortlich f\u00fcr den Inhalt nach \u00a7 55 Abs. 2&nbsp;RStV:&nbsp; &nbsp;Matthias&nbsp;Biethinger Weidenstra\u00dfe&nbsp;2&nbsp; 78259 M\u00fchlhausen-Ehingen&nbsp; &nbsp; MB Corporate&nbsp;Finance&nbsp;GmbH betreibt kein Bankgesch\u00e4ft oder Finanzdienstleistungen&nbsp;i.S.d. \u00a71 KWG.&nbsp; &nbsp; [&hellip;]<\/p>\n","protected":false},"author":1,"featured_media":0,"parent":0,"menu_order":0,"comment_status":"closed","ping_status":"closed","template":"","meta":{"footnotes":""},"class_list":["post-98","page","type-page","status-publish","hentry"],"yoast_head":"<!-- This site is optimized with the Yoast SEO plugin v27.3 - https:\/\/yoast.com\/product\/yoast-seo-wordpress\/ -->\n<title>Impressum - MB Corporate Finance<\/title>\n<meta name=\"robots\" content=\"index, follow, max-snippet:-1, max-image-preview:large, max-video-preview:-1\" \/>\n<link rel=\"canonical\" href=\"https:\/\/mbcorporatefinance.com\/?page_id=98\" \/>\n<meta property=\"og:locale\" content=\"de_DE\" \/>\n<meta property=\"og:type\" content=\"article\" \/>\n<meta property=\"og:title\" content=\"Impressum - MB Corporate Finance\" \/>\n<meta property=\"og:description\" content=\"MB Corporate&nbsp;Finance&nbsp;GmbH Weidenstra\u00dfe&nbsp;2&nbsp; 78259 M\u00fchlhausen-Ehingen&nbsp; Telefon: +49 7733 50999 10&nbsp; info@mbcorporatefinance.com &nbsp; Gesch\u00e4ftsf\u00fchrung: Matthias&nbsp;Biethinger Registergericht: Amtsgericht Freiburg im Breisgau&nbsp; Registernummer: HRB 721899&nbsp; &nbsp; Umsatzsteuer-Identifikationsnummer gem\u00e4\u00df \u00a7 27 a Umsatzsteuergesetz: DE339517239 &nbsp; Verantwortlich f\u00fcr den Inhalt nach \u00a7 55 Abs. 2&nbsp;RStV:&nbsp; &nbsp;Matthias&nbsp;Biethinger Weidenstra\u00dfe&nbsp;2&nbsp; 78259 M\u00fchlhausen-Ehingen&nbsp; &nbsp; MB Corporate&nbsp;Finance&nbsp;GmbH betreibt kein Bankgesch\u00e4ft oder Finanzdienstleistungen&nbsp;i.S.d. \u00a71 KWG.&nbsp; &nbsp; [&hellip;]\" \/>\n<meta property=\"og:url\" content=\"https:\/\/mbcorporatefinance.com\/?page_id=98\" \/>\n<meta property=\"og:site_name\" content=\"MB Corporate Finance\" \/>\n<meta property=\"article:publisher\" content=\"https:\/\/www.facebook.com\/MB-Corporate-Finance-GmbH-118264553292309\" \/>\n<meta property=\"article:modified_time\" content=\"2022-03-04T07:28:44+00:00\" \/>\n<meta property=\"og:image\" content=\"\/\/siegel.exali.de\/siegel\/Haftpflicht_Siegel_1_0eaea9e53f04668cd253ff6d2eb81d64.png\" \/>\n<meta name=\"twitter:card\" content=\"summary_large_image\" \/>\n<meta name=\"twitter:label1\" content=\"Gesch\u00e4tzte Lesezeit\" \/>\n\t<meta name=\"twitter:data1\" content=\"3\u00a0Minuten\" \/>\n<script type=\"application\/ld+json\" class=\"yoast-schema-graph\">{\"@context\":\"https:\\\/\\\/schema.org\",\"@graph\":[{\"@type\":\"WebPage\",\"@id\":\"https:\\\/\\\/mbcorporatefinance.com\\\/?page_id=98\",\"url\":\"https:\\\/\\\/mbcorporatefinance.com\\\/?page_id=98\",\"name\":\"Impressum - MB Corporate Finance\",\"isPartOf\":{\"@id\":\"https:\\\/\\\/mbcorporatefinance.com\\\/#website\"},\"datePublished\":\"2020-07-13T13:26:34+00:00\",\"dateModified\":\"2022-03-04T07:28:44+00:00\",\"breadcrumb\":{\"@id\":\"https:\\\/\\\/mbcorporatefinance.com\\\/?page_id=98#breadcrumb\"},\"inLanguage\":\"de\",\"potentialAction\":[{\"@type\":\"ReadAction\",\"target\":[\"https:\\\/\\\/mbcorporatefinance.com\\\/?page_id=98\"]}]},{\"@type\":\"BreadcrumbList\",\"@id\":\"https:\\\/\\\/mbcorporatefinance.com\\\/?page_id=98#breadcrumb\",\"itemListElement\":[{\"@type\":\"ListItem\",\"position\":1,\"name\":\"Startseite\",\"item\":\"https:\\\/\\\/mbcorporatefinance.com\\\/\"},{\"@type\":\"ListItem\",\"position\":2,\"name\":\"Impressum\"}]},{\"@type\":\"WebSite\",\"@id\":\"https:\\\/\\\/mbcorporatefinance.com\\\/#website\",\"url\":\"https:\\\/\\\/mbcorporatefinance.com\\\/\",\"name\":\"MB Corporate Finance\",\"description\":\"Corporate Finance\",\"publisher\":{\"@id\":\"https:\\\/\\\/mbcorporatefinance.com\\\/#organization\"},\"potentialAction\":[{\"@type\":\"SearchAction\",\"target\":{\"@type\":\"EntryPoint\",\"urlTemplate\":\"https:\\\/\\\/mbcorporatefinance.com\\\/?s={search_term_string}\"},\"query-input\":{\"@type\":\"PropertyValueSpecification\",\"valueRequired\":true,\"valueName\":\"search_term_string\"}}],\"inLanguage\":\"de\"},{\"@type\":\"Organization\",\"@id\":\"https:\\\/\\\/mbcorporatefinance.com\\\/#organization\",\"name\":\"MB Corporate Finance GmbH\",\"url\":\"https:\\\/\\\/mbcorporatefinance.com\\\/\",\"logo\":{\"@type\":\"ImageObject\",\"inLanguage\":\"de\",\"@id\":\"https:\\\/\\\/mbcorporatefinance.com\\\/#\\\/schema\\\/logo\\\/image\\\/\",\"url\":\"https:\\\/\\\/mbcorporatefinance.com\\\/wp-content\\\/uploads\\\/2020\\\/07\\\/mb-finance-logo-fin-rgb.jpg\",\"contentUrl\":\"https:\\\/\\\/mbcorporatefinance.com\\\/wp-content\\\/uploads\\\/2020\\\/07\\\/mb-finance-logo-fin-rgb.jpg\",\"width\":1334,\"height\":829,\"caption\":\"MB Corporate Finance GmbH\"},\"image\":{\"@id\":\"https:\\\/\\\/mbcorporatefinance.com\\\/#\\\/schema\\\/logo\\\/image\\\/\"},\"sameAs\":[\"https:\\\/\\\/www.facebook.com\\\/MB-Corporate-Finance-GmbH-118264553292309\",\"https:\\\/\\\/www.linkedin.com\\\/company\\\/mb-corporate-finance-gmbh\\\/\"]}]}<\/script>\n<!-- \/ Yoast SEO plugin. -->","yoast_head_json":{"title":"Impressum - MB Corporate Finance","robots":{"index":"index","follow":"follow","max-snippet":"max-snippet:-1","max-image-preview":"max-image-preview:large","max-video-preview":"max-video-preview:-1"},"canonical":"https:\/\/mbcorporatefinance.com\/?page_id=98","og_locale":"de_DE","og_type":"article","og_title":"Impressum - MB Corporate Finance","og_description":"MB Corporate&nbsp;Finance&nbsp;GmbH Weidenstra\u00dfe&nbsp;2&nbsp; 78259 M\u00fchlhausen-Ehingen&nbsp; Telefon: +49 7733 50999 10&nbsp; info@mbcorporatefinance.com &nbsp; Gesch\u00e4ftsf\u00fchrung: Matthias&nbsp;Biethinger Registergericht: Amtsgericht Freiburg im Breisgau&nbsp; Registernummer: HRB 721899&nbsp; &nbsp; Umsatzsteuer-Identifikationsnummer gem\u00e4\u00df \u00a7 27 a Umsatzsteuergesetz: DE339517239 &nbsp; Verantwortlich f\u00fcr den Inhalt nach \u00a7 55 Abs. 2&nbsp;RStV:&nbsp; &nbsp;Matthias&nbsp;Biethinger Weidenstra\u00dfe&nbsp;2&nbsp; 78259 M\u00fchlhausen-Ehingen&nbsp; &nbsp; MB Corporate&nbsp;Finance&nbsp;GmbH betreibt kein Bankgesch\u00e4ft oder Finanzdienstleistungen&nbsp;i.S.d. \u00a71 KWG.&nbsp; &nbsp; [&hellip;]","og_url":"https:\/\/mbcorporatefinance.com\/?page_id=98","og_site_name":"MB Corporate Finance","article_publisher":"https:\/\/www.facebook.com\/MB-Corporate-Finance-GmbH-118264553292309","article_modified_time":"2022-03-04T07:28:44+00:00","og_image":[{"url":"\/\/siegel.exali.de\/siegel\/Haftpflicht_Siegel_1_0eaea9e53f04668cd253ff6d2eb81d64.png","type":"","width":"","height":""}],"twitter_card":"summary_large_image","twitter_misc":{"Gesch\u00e4tzte Lesezeit":"3\u00a0Minuten"},"schema":{"@context":"https:\/\/schema.org","@graph":[{"@type":"WebPage","@id":"https:\/\/mbcorporatefinance.com\/?page_id=98","url":"https:\/\/mbcorporatefinance.com\/?page_id=98","name":"Impressum - MB Corporate Finance","isPartOf":{"@id":"https:\/\/mbcorporatefinance.com\/#website"},"datePublished":"2020-07-13T13:26:34+00:00","dateModified":"2022-03-04T07:28:44+00:00","breadcrumb":{"@id":"https:\/\/mbcorporatefinance.com\/?page_id=98#breadcrumb"},"inLanguage":"de","potentialAction":[{"@type":"ReadAction","target":["https:\/\/mbcorporatefinance.com\/?page_id=98"]}]},{"@type":"BreadcrumbList","@id":"https:\/\/mbcorporatefinance.com\/?page_id=98#breadcrumb","itemListElement":[{"@type":"ListItem","position":1,"name":"Startseite","item":"https:\/\/mbcorporatefinance.com\/"},{"@type":"ListItem","position":2,"name":"Impressum"}]},{"@type":"WebSite","@id":"https:\/\/mbcorporatefinance.com\/#website","url":"https:\/\/mbcorporatefinance.com\/","name":"MB Corporate Finance","description":"Corporate Finance","publisher":{"@id":"https:\/\/mbcorporatefinance.com\/#organization"},"potentialAction":[{"@type":"SearchAction","target":{"@type":"EntryPoint","urlTemplate":"https:\/\/mbcorporatefinance.com\/?s={search_term_string}"},"query-input":{"@type":"PropertyValueSpecification","valueRequired":true,"valueName":"search_term_string"}}],"inLanguage":"de"},{"@type":"Organization","@id":"https:\/\/mbcorporatefinance.com\/#organization","name":"MB Corporate Finance GmbH","url":"https:\/\/mbcorporatefinance.com\/","logo":{"@type":"ImageObject","inLanguage":"de","@id":"https:\/\/mbcorporatefinance.com\/#\/schema\/logo\/image\/","url":"https:\/\/mbcorporatefinance.com\/wp-content\/uploads\/2020\/07\/mb-finance-logo-fin-rgb.jpg","contentUrl":"https:\/\/mbcorporatefinance.com\/wp-content\/uploads\/2020\/07\/mb-finance-logo-fin-rgb.jpg","width":1334,"height":829,"caption":"MB Corporate Finance GmbH"},"image":{"@id":"https:\/\/mbcorporatefinance.com\/#\/schema\/logo\/image\/"},"sameAs":["https:\/\/www.facebook.com\/MB-Corporate-Finance-GmbH-118264553292309","https:\/\/www.linkedin.com\/company\/mb-corporate-finance-gmbh\/"]}]}},"_links":{"self":[{"href":"https:\/\/mbcorporatefinance.com\/index.php?rest_route=\/wp\/v2\/pages\/98","targetHints":{"allow":["GET"]}}],"collection":[{"href":"https:\/\/mbcorporatefinance.com\/index.php?rest_route=\/wp\/v2\/pages"}],"about":[{"href":"https:\/\/mbcorporatefinance.com\/index.php?rest_route=\/wp\/v2\/types\/page"}],"author":[{"embeddable":true,"href":"https:\/\/mbcorporatefinance.com\/index.php?rest_route=\/wp\/v2\/users\/1"}],"replies":[{"embeddable":true,"href":"https:\/\/mbcorporatefinance.com\/index.php?rest_route=%2Fwp%2Fv2%2Fcomments&post=98"}],"version-history":[{"count":18,"href":"https:\/\/mbcorporatefinance.com\/index.php?rest_route=\/wp\/v2\/pages\/98\/revisions"}],"predecessor-version":[{"id":284,"href":"https:\/\/mbcorporatefinance.com\/index.php?rest_route=\/wp\/v2\/pages\/98\/revisions\/284"}],"wp:attachment":[{"href":"https:\/\/mbcorporatefinance.com\/index.php?rest_route=%2Fwp%2Fv2%2Fmedia&parent=98"}],"curies":[{"name":"wp","href":"https:\/\/api.w.org\/{rel}","templated":true}]}}