{"id":5,"date":"2020-06-04T07:12:27","date_gmt":"2020-06-04T07:12:27","guid":{"rendered":"https:\/\/mbcorporatefinance.live-website.com\/willkommen-auf-https-mbcorporatefinance-live-website-com"},"modified":"2020-09-22T06:24:17","modified_gmt":"2020-09-22T06:24:17","slug":"willkommen-auf-https-mbcorporatefinance-live-website-com-2","status":"publish","type":"page","link":"https:\/\/mbcorporatefinance.com\/","title":{"rendered":"Ihr Corporate Finance Partner"},"content":{"rendered":"\t\t<div data-elementor-type=\"wp-page\" data-elementor-id=\"5\" class=\"elementor elementor-5\">\n\t\t\t\t\t\t<section class=\"elementor-section elementor-top-section elementor-element elementor-element-d191bca elementor-section-boxed elementor-section-height-default elementor-section-height-default\" data-id=\"d191bca\" data-element_type=\"section\" data-e-type=\"section\">\n\t\t\t\t\t\t<div class=\"elementor-container elementor-column-gap-default\">\n\t\t\t\t\t<div class=\"elementor-column elementor-col-100 elementor-top-column elementor-element elementor-element-c5eccf5\" data-id=\"c5eccf5\" data-element_type=\"column\" data-e-type=\"column\">\n\t\t\t<div class=\"elementor-widget-wrap elementor-element-populated\">\n\t\t\t\t\t\t<div class=\"elementor-element elementor-element-12bb233 elementor-widget elementor-widget-text-editor\" data-id=\"12bb233\" data-element_type=\"widget\" data-e-type=\"widget\" data-widget_type=\"text-editor.default\">\n\t\t\t\t<div class=\"elementor-widget-container\">\n\t\t\t\t\t\t\t\t\t<p style=\"text-align: justify;\"><span style=\"font-family: lato, helvetica, sans-serif; color: #575757; font-size: 14pt;\">Die MB Corporate Finance GmbH ist eine unabh\u00e4ngige Beratung im Bereich der Unternehmensfinanzierung f\u00fcr kleine und mittelst\u00e4ndische Unternehmen. Im Rahmen einer komplexen Beratungsdienstleistung unterst\u00fctzt die MBCF ihre Kunden hinsichtlich der Finanzierungsstrukturierung, Kapitalbeschaffung sowie Transaktionsumsetzung.<\/span><\/p><p style=\"text-align: justify;\"><span style=\"font-family: lato, helvetica, sans-serif; color: #575757; font-size: 14pt;\">\u00a0<\/span><\/p><p style=\"text-align: justify;\"><span style=\"font-family: lato, helvetica, sans-serif; color: #575757; font-size: 14pt;\">Das Team der MB Corporate Finance GmbH verf\u00fcgt \u00fcber langj\u00e4hrige Beratungsexpertise und tiefreichendes Fachwissen<\/span><\/p><p style=\"text-align: justify;\"><span style=\"font-family: lato, helvetica, sans-serif; color: #575757; font-size: 14pt;\">\u00a0<\/span><\/p><p style=\"text-align: justify;\"><span style=\"font-family: lato, helvetica, sans-serif; color: #575757; font-size: 14pt;\">Dank einem breiten Netzwerk an nationalen und internationalen Finanzierern und Investoren k\u00f6nnen individuelle und innovative Finanzierungsl\u00f6sungen angeboten werden.<\/span><\/p>\t\t\t\t\t\t\t\t<\/div>\n\t\t\t\t<\/div>\n\t\t\t\t\t<\/div>\n\t\t<\/div>\n\t\t\t\t\t<\/div>\n\t\t<\/section>\n\t\t\t\t<\/div>\n\t\t","protected":false},"excerpt":{"rendered":"<p>Die MB Corporate Finance GmbH ist eine unabh\u00e4ngige Beratung im Bereich der Unternehmensfinanzierung f\u00fcr kleine und mittelst\u00e4ndische Unternehmen. Im Rahmen einer komplexen Beratungsdienstleistung unterst\u00fctzt die MBCF ihre Kunden hinsichtlich der Finanzierungsstrukturierung, Kapitalbeschaffung sowie Transaktionsumsetzung. \u00a0 Das Team der MB Corporate Finance GmbH verf\u00fcgt \u00fcber langj\u00e4hrige Beratungsexpertise und tiefreichendes Fachwissen \u00a0 Dank einem breiten Netzwerk an [&hellip;]<\/p>\n","protected":false},"author":1,"featured_media":0,"parent":0,"menu_order":0,"comment_status":"closed","ping_status":"open","template":"","meta":{"footnotes":""},"class_list":["post-5","page","type-page","status-publish","hentry"],"yoast_head":"<!-- This site is optimized with the Yoast SEO plugin v27.3 - https:\/\/yoast.com\/product\/yoast-seo-wordpress\/ -->\n<title>Ihr Corporate Finance Partner - MB Corporate Finance<\/title>\n<meta name=\"robots\" content=\"index, follow, max-snippet:-1, max-image-preview:large, max-video-preview:-1\" \/>\n<link rel=\"canonical\" href=\"https:\/\/mbcorporatefinance.com\/\" \/>\n<meta property=\"og:locale\" content=\"de_DE\" \/>\n<meta property=\"og:type\" content=\"article\" \/>\n<meta property=\"og:title\" content=\"Ihr Corporate Finance Partner - MB Corporate Finance\" \/>\n<meta property=\"og:description\" content=\"Die MB Corporate Finance GmbH ist eine unabh\u00e4ngige Beratung im Bereich der Unternehmensfinanzierung f\u00fcr kleine und mittelst\u00e4ndische Unternehmen. Im Rahmen einer komplexen Beratungsdienstleistung unterst\u00fctzt die MBCF ihre Kunden hinsichtlich der Finanzierungsstrukturierung, Kapitalbeschaffung sowie Transaktionsumsetzung. \u00a0 Das Team der MB Corporate Finance GmbH verf\u00fcgt \u00fcber langj\u00e4hrige Beratungsexpertise und tiefreichendes Fachwissen \u00a0 Dank einem breiten Netzwerk an [&hellip;]\" \/>\n<meta property=\"og:url\" content=\"https:\/\/mbcorporatefinance.com\/\" \/>\n<meta property=\"og:site_name\" content=\"MB Corporate Finance\" \/>\n<meta property=\"article:publisher\" content=\"https:\/\/www.facebook.com\/MB-Corporate-Finance-GmbH-118264553292309\" \/>\n<meta property=\"article:modified_time\" content=\"2020-09-22T06:24:17+00:00\" \/>\n<meta name=\"twitter:card\" content=\"summary_large_image\" \/>\n<script type=\"application\/ld+json\" class=\"yoast-schema-graph\">{\"@context\":\"https:\\\/\\\/schema.org\",\"@graph\":[{\"@type\":\"WebPage\",\"@id\":\"https:\\\/\\\/mbcorporatefinance.com\\\/\",\"url\":\"https:\\\/\\\/mbcorporatefinance.com\\\/\",\"name\":\"Ihr Corporate Finance Partner - MB Corporate Finance\",\"isPartOf\":{\"@id\":\"https:\\\/\\\/mbcorporatefinance.com\\\/#website\"},\"datePublished\":\"2020-06-04T07:12:27+00:00\",\"dateModified\":\"2020-09-22T06:24:17+00:00\",\"breadcrumb\":{\"@id\":\"https:\\\/\\\/mbcorporatefinance.com\\\/#breadcrumb\"},\"inLanguage\":\"de\",\"potentialAction\":[{\"@type\":\"ReadAction\",\"target\":[\"https:\\\/\\\/mbcorporatefinance.com\\\/\"]}]},{\"@type\":\"BreadcrumbList\",\"@id\":\"https:\\\/\\\/mbcorporatefinance.com\\\/#breadcrumb\",\"itemListElement\":[{\"@type\":\"ListItem\",\"position\":1,\"name\":\"Startseite\",\"item\":\"https:\\\/\\\/mbcorporatefinance.com\\\/\"},{\"@type\":\"ListItem\",\"position\":2,\"name\":\"Ihr Corporate Finance Partner\"}]},{\"@type\":\"WebSite\",\"@id\":\"https:\\\/\\\/mbcorporatefinance.com\\\/#website\",\"url\":\"https:\\\/\\\/mbcorporatefinance.com\\\/\",\"name\":\"MB Corporate Finance\",\"description\":\"Corporate Finance\",\"publisher\":{\"@id\":\"https:\\\/\\\/mbcorporatefinance.com\\\/#organization\"},\"potentialAction\":[{\"@type\":\"SearchAction\",\"target\":{\"@type\":\"EntryPoint\",\"urlTemplate\":\"https:\\\/\\\/mbcorporatefinance.com\\\/?s={search_term_string}\"},\"query-input\":{\"@type\":\"PropertyValueSpecification\",\"valueRequired\":true,\"valueName\":\"search_term_string\"}}],\"inLanguage\":\"de\"},{\"@type\":\"Organization\",\"@id\":\"https:\\\/\\\/mbcorporatefinance.com\\\/#organization\",\"name\":\"MB Corporate Finance GmbH\",\"url\":\"https:\\\/\\\/mbcorporatefinance.com\\\/\",\"logo\":{\"@type\":\"ImageObject\",\"inLanguage\":\"de\",\"@id\":\"https:\\\/\\\/mbcorporatefinance.com\\\/#\\\/schema\\\/logo\\\/image\\\/\",\"url\":\"https:\\\/\\\/mbcorporatefinance.com\\\/wp-content\\\/uploads\\\/2020\\\/07\\\/mb-finance-logo-fin-rgb.jpg\",\"contentUrl\":\"https:\\\/\\\/mbcorporatefinance.com\\\/wp-content\\\/uploads\\\/2020\\\/07\\\/mb-finance-logo-fin-rgb.jpg\",\"width\":1334,\"height\":829,\"caption\":\"MB Corporate Finance GmbH\"},\"image\":{\"@id\":\"https:\\\/\\\/mbcorporatefinance.com\\\/#\\\/schema\\\/logo\\\/image\\\/\"},\"sameAs\":[\"https:\\\/\\\/www.facebook.com\\\/MB-Corporate-Finance-GmbH-118264553292309\",\"https:\\\/\\\/www.linkedin.com\\\/company\\\/mb-corporate-finance-gmbh\\\/\"]}]}<\/script>\n<!-- \/ Yoast SEO plugin. -->","yoast_head_json":{"title":"Ihr Corporate Finance Partner - MB Corporate Finance","robots":{"index":"index","follow":"follow","max-snippet":"max-snippet:-1","max-image-preview":"max-image-preview:large","max-video-preview":"max-video-preview:-1"},"canonical":"https:\/\/mbcorporatefinance.com\/","og_locale":"de_DE","og_type":"article","og_title":"Ihr Corporate Finance Partner - MB Corporate Finance","og_description":"Die MB Corporate Finance GmbH ist eine unabh\u00e4ngige Beratung im Bereich der Unternehmensfinanzierung f\u00fcr kleine und mittelst\u00e4ndische Unternehmen. Im Rahmen einer komplexen Beratungsdienstleistung unterst\u00fctzt die MBCF ihre Kunden hinsichtlich der Finanzierungsstrukturierung, Kapitalbeschaffung sowie Transaktionsumsetzung. \u00a0 Das Team der MB Corporate Finance GmbH verf\u00fcgt \u00fcber langj\u00e4hrige Beratungsexpertise und tiefreichendes Fachwissen \u00a0 Dank einem breiten Netzwerk an [&hellip;]","og_url":"https:\/\/mbcorporatefinance.com\/","og_site_name":"MB Corporate Finance","article_publisher":"https:\/\/www.facebook.com\/MB-Corporate-Finance-GmbH-118264553292309","article_modified_time":"2020-09-22T06:24:17+00:00","twitter_card":"summary_large_image","schema":{"@context":"https:\/\/schema.org","@graph":[{"@type":"WebPage","@id":"https:\/\/mbcorporatefinance.com\/","url":"https:\/\/mbcorporatefinance.com\/","name":"Ihr Corporate Finance Partner - MB Corporate Finance","isPartOf":{"@id":"https:\/\/mbcorporatefinance.com\/#website"},"datePublished":"2020-06-04T07:12:27+00:00","dateModified":"2020-09-22T06:24:17+00:00","breadcrumb":{"@id":"https:\/\/mbcorporatefinance.com\/#breadcrumb"},"inLanguage":"de","potentialAction":[{"@type":"ReadAction","target":["https:\/\/mbcorporatefinance.com\/"]}]},{"@type":"BreadcrumbList","@id":"https:\/\/mbcorporatefinance.com\/#breadcrumb","itemListElement":[{"@type":"ListItem","position":1,"name":"Startseite","item":"https:\/\/mbcorporatefinance.com\/"},{"@type":"ListItem","position":2,"name":"Ihr Corporate Finance Partner"}]},{"@type":"WebSite","@id":"https:\/\/mbcorporatefinance.com\/#website","url":"https:\/\/mbcorporatefinance.com\/","name":"MB Corporate Finance","description":"Corporate Finance","publisher":{"@id":"https:\/\/mbcorporatefinance.com\/#organization"},"potentialAction":[{"@type":"SearchAction","target":{"@type":"EntryPoint","urlTemplate":"https:\/\/mbcorporatefinance.com\/?s={search_term_string}"},"query-input":{"@type":"PropertyValueSpecification","valueRequired":true,"valueName":"search_term_string"}}],"inLanguage":"de"},{"@type":"Organization","@id":"https:\/\/mbcorporatefinance.com\/#organization","name":"MB Corporate Finance GmbH","url":"https:\/\/mbcorporatefinance.com\/","logo":{"@type":"ImageObject","inLanguage":"de","@id":"https:\/\/mbcorporatefinance.com\/#\/schema\/logo\/image\/","url":"https:\/\/mbcorporatefinance.com\/wp-content\/uploads\/2020\/07\/mb-finance-logo-fin-rgb.jpg","contentUrl":"https:\/\/mbcorporatefinance.com\/wp-content\/uploads\/2020\/07\/mb-finance-logo-fin-rgb.jpg","width":1334,"height":829,"caption":"MB Corporate Finance GmbH"},"image":{"@id":"https:\/\/mbcorporatefinance.com\/#\/schema\/logo\/image\/"},"sameAs":["https:\/\/www.facebook.com\/MB-Corporate-Finance-GmbH-118264553292309","https:\/\/www.linkedin.com\/company\/mb-corporate-finance-gmbh\/"]}]}},"_links":{"self":[{"href":"https:\/\/mbcorporatefinance.com\/index.php?rest_route=\/wp\/v2\/pages\/5","targetHints":{"allow":["GET"]}}],"collection":[{"href":"https:\/\/mbcorporatefinance.com\/index.php?rest_route=\/wp\/v2\/pages"}],"about":[{"href":"https:\/\/mbcorporatefinance.com\/index.php?rest_route=\/wp\/v2\/types\/page"}],"author":[{"embeddable":true,"href":"https:\/\/mbcorporatefinance.com\/index.php?rest_route=\/wp\/v2\/users\/1"}],"replies":[{"embeddable":true,"href":"https:\/\/mbcorporatefinance.com\/index.php?rest_route=%2Fwp%2Fv2%2Fcomments&post=5"}],"version-history":[{"count":26,"href":"https:\/\/mbcorporatefinance.com\/index.php?rest_route=\/wp\/v2\/pages\/5\/revisions"}],"predecessor-version":[{"id":272,"href":"https:\/\/mbcorporatefinance.com\/index.php?rest_route=\/wp\/v2\/pages\/5\/revisions\/272"}],"wp:attachment":[{"href":"https:\/\/mbcorporatefinance.com\/index.php?rest_route=%2Fwp%2Fv2%2Fmedia&parent=5"}],"curies":[{"name":"wp","href":"https:\/\/api.w.org\/{rel}","templated":true}]}}