{"id":12,"date":"2020-06-04T07:30:16","date_gmt":"2020-06-04T07:30:16","guid":{"rendered":"https:\/\/mbcorporatefinance.live-website.com\/?page_id=12"},"modified":"2020-09-22T06:26:07","modified_gmt":"2020-09-22T06:26:07","slug":"dienstleistungen","status":"publish","type":"page","link":"https:\/\/mbcorporatefinance.com\/?page_id=12","title":{"rendered":"Dienstleistungen"},"content":{"rendered":"\t\t<div data-elementor-type=\"wp-page\" data-elementor-id=\"12\" class=\"elementor elementor-12\">\n\t\t\t\t\t\t<section class=\"elementor-section elementor-top-section elementor-element elementor-element-e7a5afe elementor-section-boxed elementor-section-height-default elementor-section-height-default\" data-id=\"e7a5afe\" data-element_type=\"section\" data-e-type=\"section\">\n\t\t\t\t\t\t<div class=\"elementor-container elementor-column-gap-default\">\n\t\t\t\t\t<div class=\"elementor-column elementor-col-100 elementor-top-column elementor-element elementor-element-46e4b2f\" data-id=\"46e4b2f\" data-element_type=\"column\" data-e-type=\"column\">\n\t\t\t<div class=\"elementor-widget-wrap elementor-element-populated\">\n\t\t\t\t\t\t<div class=\"elementor-element elementor-element-05fba7f elementor-widget elementor-widget-heading\" data-id=\"05fba7f\" data-element_type=\"widget\" data-e-type=\"widget\" data-widget_type=\"heading.default\">\n\t\t\t\t<div class=\"elementor-widget-container\">\n\t\t\t\t\t<h2 class=\"elementor-heading-title elementor-size-default\">Dienstleistungen<\/h2>\t\t\t\t<\/div>\n\t\t\t\t<\/div>\n\t\t\t\t<div class=\"elementor-element elementor-element-8f3d2d5 elementor-widget elementor-widget-text-editor\" data-id=\"8f3d2d5\" data-element_type=\"widget\" data-e-type=\"widget\" data-widget_type=\"text-editor.default\">\n\t\t\t\t<div class=\"elementor-widget-container\">\n\t\t\t\t\t\t\t\t\t<p style=\"text-align: justify;\"><span style=\"font-family: lato, helvetica, sans-serif; color: #575757; font-size: 14pt;\">Die MB Corporate Finance GmbH strukturiert, arrangiert und realisiert Finanzierungstransaktionen f\u00fcr Unternehmen des Mittelstands im nationalen und internationalen Markt. Eine individuelle Analyse, eine umfassende Beratung sowie die Auswahl des passenden Finanzierungsinstruments bilden den Grundstein einer gemeinsamen Zusammenarbeit.\u00a0<\/span><\/p>\n<p style=\"text-align: justify;\"><span style=\"font-family: lato, helvetica, sans-serif; color: #575757; font-size: 14pt;\">Die alternativen Finanzierungsl\u00f6sungen werden \u00fcber ein langj\u00e4hrig gepflegtes und hochwertiges Investorennetzwerk umgesetzt.\nDabei verbindet die MBCF private und institutionelle Finanzierer, Kapitalgeber und Investoren mit ihren Kunden, um so das bestm\u00f6gliche Ergebnis erzielen zu k\u00f6nnen.<\/span><\/p>\t\t\t\t\t\t\t\t<\/div>\n\t\t\t\t<\/div>\n\t\t\t\t\t<\/div>\n\t\t<\/div>\n\t\t\t\t\t<\/div>\n\t\t<\/section>\n\t\t\t\t<section class=\"elementor-section elementor-top-section elementor-element elementor-element-648148b elementor-section-boxed elementor-section-height-default elementor-section-height-default\" data-id=\"648148b\" data-element_type=\"section\" data-e-type=\"section\">\n\t\t\t\t\t\t<div class=\"elementor-container elementor-column-gap-default\">\n\t\t\t\t\t<div class=\"elementor-column elementor-col-100 elementor-top-column elementor-element elementor-element-3383f62\" data-id=\"3383f62\" data-element_type=\"column\" data-e-type=\"column\">\n\t\t\t<div class=\"elementor-widget-wrap elementor-element-populated\">\n\t\t\t\t\t\t<div class=\"elementor-element elementor-element-18b37a9 elementor-widget elementor-widget-image\" data-id=\"18b37a9\" data-element_type=\"widget\" data-e-type=\"widget\" data-widget_type=\"image.default\">\n\t\t\t\t<div class=\"elementor-widget-container\">\n\t\t\t\t\t\t\t\t\t\t\t\t\t\t\t<img fetchpriority=\"high\" decoding=\"async\" width=\"2000\" height=\"1216\" src=\"https:\/\/mbcorporatefinance.com\/wp-content\/uploads\/2020\/09\/Unternehmen.png\" class=\"attachment-full size-full wp-image-273\" alt=\"\" srcset=\"https:\/\/mbcorporatefinance.com\/wp-content\/uploads\/2020\/09\/Unternehmen.png 2000w, https:\/\/mbcorporatefinance.com\/wp-content\/uploads\/2020\/09\/Unternehmen-300x182.png 300w, https:\/\/mbcorporatefinance.com\/wp-content\/uploads\/2020\/09\/Unternehmen-1024x623.png 1024w, https:\/\/mbcorporatefinance.com\/wp-content\/uploads\/2020\/09\/Unternehmen-768x467.png 768w, https:\/\/mbcorporatefinance.com\/wp-content\/uploads\/2020\/09\/Unternehmen-1536x934.png 1536w\" sizes=\"(max-width: 2000px) 100vw, 2000px\" \/>\t\t\t\t\t\t\t\t\t\t\t\t\t\t\t<\/div>\n\t\t\t\t<\/div>\n\t\t\t\t\t<\/div>\n\t\t<\/div>\n\t\t\t\t\t<\/div>\n\t\t<\/section>\n\t\t\t\t<section class=\"elementor-section elementor-top-section elementor-element elementor-element-98f358e elementor-section-boxed elementor-section-height-default elementor-section-height-default\" data-id=\"98f358e\" data-element_type=\"section\" data-e-type=\"section\">\n\t\t\t\t\t\t<div class=\"elementor-container elementor-column-gap-default\">\n\t\t\t\t\t<div class=\"elementor-column elementor-col-100 elementor-top-column elementor-element elementor-element-0f458ae\" data-id=\"0f458ae\" data-element_type=\"column\" data-e-type=\"column\">\n\t\t\t<div class=\"elementor-widget-wrap elementor-element-populated\">\n\t\t\t\t\t\t<div class=\"elementor-element elementor-element-0960d52 elementor-widget elementor-widget-text-editor\" data-id=\"0960d52\" data-element_type=\"widget\" data-e-type=\"widget\" data-widget_type=\"text-editor.default\">\n\t\t\t\t<div class=\"elementor-widget-container\">\n\t\t\t\t\t\t\t\t\t<p style=\"text-align: justify;\"><span style=\"font-family: lato, helvetica, sans-serif; color: #575757; font-size: 14pt;\">Als Basis einer bestm\u00f6glichen Finanzierungsstruktur steht die Hausbank als fester Grundstein. Mit wachsender Unternehmensgr\u00f6\u00dfe sind erg\u00e4nzende L\u00f6sungen n\u00f6tig, um sich den resultierenden Anforderungen zu stellen und jeder Unternehmensphase bedarfsgerecht begegnen zu k\u00f6nnen. Die MB Corporate Finance GmbH sieht es als Ziel, als ganzheitlicher Berater strukturierte L\u00f6sungen anzubieten, um das Unternehmen optimal im Markt aufzustellen.<\/span><\/p>\t\t\t\t\t\t\t\t<\/div>\n\t\t\t\t<\/div>\n\t\t\t\t\t<\/div>\n\t\t<\/div>\n\t\t\t\t\t<\/div>\n\t\t<\/section>\n\t\t\t\t<section class=\"elementor-section elementor-top-section elementor-element elementor-element-8e99d31 elementor-section-boxed elementor-section-height-default elementor-section-height-default\" data-id=\"8e99d31\" data-element_type=\"section\" data-e-type=\"section\">\n\t\t\t\t\t\t<div class=\"elementor-container elementor-column-gap-default\">\n\t\t\t\t\t<div class=\"elementor-column elementor-col-100 elementor-top-column elementor-element elementor-element-15e5e5d\" data-id=\"15e5e5d\" data-element_type=\"column\" data-e-type=\"column\">\n\t\t\t<div class=\"elementor-widget-wrap\">\n\t\t\t\t\t\t\t<\/div>\n\t\t<\/div>\n\t\t\t\t\t<\/div>\n\t\t<\/section>\n\t\t\t\t<\/div>\n\t\t","protected":false},"excerpt":{"rendered":"<p>Dienstleistungen Die MB Corporate Finance GmbH strukturiert, arrangiert und realisiert Finanzierungstransaktionen f\u00fcr Unternehmen des Mittelstands im nationalen und internationalen Markt. Eine individuelle Analyse, eine umfassende Beratung sowie die Auswahl des passenden Finanzierungsinstruments bilden den Grundstein einer gemeinsamen Zusammenarbeit.&nbsp; Die alternativen Finanzierungsl\u00f6sungen werden \u00fcber ein langj\u00e4hrig gepflegtes und hochwertiges Investorennetzwerk umgesetzt. Dabei verbindet die MBCF private [&hellip;]<\/p>\n","protected":false},"author":1,"featured_media":0,"parent":0,"menu_order":0,"comment_status":"closed","ping_status":"closed","template":"","meta":{"footnotes":""},"class_list":["post-12","page","type-page","status-publish","hentry"],"yoast_head":"<!-- This site is optimized with the Yoast SEO plugin v27.5 - https:\/\/yoast.com\/product\/yoast-seo-wordpress\/ -->\n<title>Dienstleistungen - MB Corporate Finance<\/title>\n<meta name=\"robots\" content=\"index, follow, max-snippet:-1, max-image-preview:large, max-video-preview:-1\" \/>\n<link rel=\"canonical\" href=\"https:\/\/mbcorporatefinance.com\/?page_id=12\" \/>\n<meta property=\"og:locale\" content=\"de_DE\" \/>\n<meta property=\"og:type\" content=\"article\" \/>\n<meta property=\"og:title\" content=\"Dienstleistungen - MB Corporate Finance\" \/>\n<meta property=\"og:description\" content=\"Dienstleistungen Die MB Corporate Finance GmbH strukturiert, arrangiert und realisiert Finanzierungstransaktionen f\u00fcr Unternehmen des Mittelstands im nationalen und internationalen Markt. Eine individuelle Analyse, eine umfassende Beratung sowie die Auswahl des passenden Finanzierungsinstruments bilden den Grundstein einer gemeinsamen Zusammenarbeit.&nbsp; Die alternativen Finanzierungsl\u00f6sungen werden \u00fcber ein langj\u00e4hrig gepflegtes und hochwertiges Investorennetzwerk umgesetzt. Dabei verbindet die MBCF private [&hellip;]\" \/>\n<meta property=\"og:url\" content=\"https:\/\/mbcorporatefinance.com\/?page_id=12\" \/>\n<meta property=\"og:site_name\" content=\"MB Corporate Finance\" \/>\n<meta property=\"article:publisher\" content=\"https:\/\/www.facebook.com\/MB-Corporate-Finance-GmbH-118264553292309\" \/>\n<meta property=\"article:modified_time\" content=\"2020-09-22T06:26:07+00:00\" \/>\n<meta property=\"og:image\" content=\"https:\/\/mbcorporatefinance.com\/wp-content\/uploads\/2020\/09\/Unternehmen.png\" \/>\n<meta name=\"twitter:card\" content=\"summary_large_image\" \/>\n<meta name=\"twitter:label1\" content=\"Gesch\u00e4tzte Lesezeit\" \/>\n\t<meta name=\"twitter:data1\" content=\"1\u00a0Minute\" \/>\n<script type=\"application\/ld+json\" class=\"yoast-schema-graph\">{\"@context\":\"https:\\\/\\\/schema.org\",\"@graph\":[{\"@type\":\"WebPage\",\"@id\":\"https:\\\/\\\/mbcorporatefinance.com\\\/?page_id=12\",\"url\":\"https:\\\/\\\/mbcorporatefinance.com\\\/?page_id=12\",\"name\":\"Dienstleistungen - MB Corporate Finance\",\"isPartOf\":{\"@id\":\"https:\\\/\\\/mbcorporatefinance.com\\\/#website\"},\"primaryImageOfPage\":{\"@id\":\"https:\\\/\\\/mbcorporatefinance.com\\\/?page_id=12#primaryimage\"},\"image\":{\"@id\":\"https:\\\/\\\/mbcorporatefinance.com\\\/?page_id=12#primaryimage\"},\"thumbnailUrl\":\"https:\\\/\\\/mbcorporatefinance.com\\\/wp-content\\\/uploads\\\/2020\\\/09\\\/Unternehmen.png\",\"datePublished\":\"2020-06-04T07:30:16+00:00\",\"dateModified\":\"2020-09-22T06:26:07+00:00\",\"breadcrumb\":{\"@id\":\"https:\\\/\\\/mbcorporatefinance.com\\\/?page_id=12#breadcrumb\"},\"inLanguage\":\"de\",\"potentialAction\":[{\"@type\":\"ReadAction\",\"target\":[\"https:\\\/\\\/mbcorporatefinance.com\\\/?page_id=12\"]}]},{\"@type\":\"ImageObject\",\"inLanguage\":\"de\",\"@id\":\"https:\\\/\\\/mbcorporatefinance.com\\\/?page_id=12#primaryimage\",\"url\":\"https:\\\/\\\/mbcorporatefinance.com\\\/wp-content\\\/uploads\\\/2020\\\/09\\\/Unternehmen.png\",\"contentUrl\":\"https:\\\/\\\/mbcorporatefinance.com\\\/wp-content\\\/uploads\\\/2020\\\/09\\\/Unternehmen.png\",\"width\":2000,\"height\":1216},{\"@type\":\"BreadcrumbList\",\"@id\":\"https:\\\/\\\/mbcorporatefinance.com\\\/?page_id=12#breadcrumb\",\"itemListElement\":[{\"@type\":\"ListItem\",\"position\":1,\"name\":\"Startseite\",\"item\":\"https:\\\/\\\/mbcorporatefinance.com\\\/\"},{\"@type\":\"ListItem\",\"position\":2,\"name\":\"Dienstleistungen\"}]},{\"@type\":\"WebSite\",\"@id\":\"https:\\\/\\\/mbcorporatefinance.com\\\/#website\",\"url\":\"https:\\\/\\\/mbcorporatefinance.com\\\/\",\"name\":\"MB Corporate Finance\",\"description\":\"Corporate Finance\",\"publisher\":{\"@id\":\"https:\\\/\\\/mbcorporatefinance.com\\\/#organization\"},\"potentialAction\":[{\"@type\":\"SearchAction\",\"target\":{\"@type\":\"EntryPoint\",\"urlTemplate\":\"https:\\\/\\\/mbcorporatefinance.com\\\/?s={search_term_string}\"},\"query-input\":{\"@type\":\"PropertyValueSpecification\",\"valueRequired\":true,\"valueName\":\"search_term_string\"}}],\"inLanguage\":\"de\"},{\"@type\":\"Organization\",\"@id\":\"https:\\\/\\\/mbcorporatefinance.com\\\/#organization\",\"name\":\"MB Corporate Finance GmbH\",\"url\":\"https:\\\/\\\/mbcorporatefinance.com\\\/\",\"logo\":{\"@type\":\"ImageObject\",\"inLanguage\":\"de\",\"@id\":\"https:\\\/\\\/mbcorporatefinance.com\\\/#\\\/schema\\\/logo\\\/image\\\/\",\"url\":\"https:\\\/\\\/mbcorporatefinance.com\\\/wp-content\\\/uploads\\\/2020\\\/07\\\/mb-finance-logo-fin-rgb.jpg\",\"contentUrl\":\"https:\\\/\\\/mbcorporatefinance.com\\\/wp-content\\\/uploads\\\/2020\\\/07\\\/mb-finance-logo-fin-rgb.jpg\",\"width\":1334,\"height\":829,\"caption\":\"MB Corporate Finance GmbH\"},\"image\":{\"@id\":\"https:\\\/\\\/mbcorporatefinance.com\\\/#\\\/schema\\\/logo\\\/image\\\/\"},\"sameAs\":[\"https:\\\/\\\/www.facebook.com\\\/MB-Corporate-Finance-GmbH-118264553292309\",\"https:\\\/\\\/www.linkedin.com\\\/company\\\/mb-corporate-finance-gmbh\\\/\"]}]}<\/script>\n<!-- \/ Yoast SEO plugin. -->","yoast_head_json":{"title":"Dienstleistungen - MB Corporate Finance","robots":{"index":"index","follow":"follow","max-snippet":"max-snippet:-1","max-image-preview":"max-image-preview:large","max-video-preview":"max-video-preview:-1"},"canonical":"https:\/\/mbcorporatefinance.com\/?page_id=12","og_locale":"de_DE","og_type":"article","og_title":"Dienstleistungen - MB Corporate Finance","og_description":"Dienstleistungen Die MB Corporate Finance GmbH strukturiert, arrangiert und realisiert Finanzierungstransaktionen f\u00fcr Unternehmen des Mittelstands im nationalen und internationalen Markt. Eine individuelle Analyse, eine umfassende Beratung sowie die Auswahl des passenden Finanzierungsinstruments bilden den Grundstein einer gemeinsamen Zusammenarbeit.&nbsp; Die alternativen Finanzierungsl\u00f6sungen werden \u00fcber ein langj\u00e4hrig gepflegtes und hochwertiges Investorennetzwerk umgesetzt. Dabei verbindet die MBCF private [&hellip;]","og_url":"https:\/\/mbcorporatefinance.com\/?page_id=12","og_site_name":"MB Corporate Finance","article_publisher":"https:\/\/www.facebook.com\/MB-Corporate-Finance-GmbH-118264553292309","article_modified_time":"2020-09-22T06:26:07+00:00","og_image":[{"url":"https:\/\/mbcorporatefinance.com\/wp-content\/uploads\/2020\/09\/Unternehmen.png","type":"","width":"","height":""}],"twitter_card":"summary_large_image","twitter_misc":{"Gesch\u00e4tzte Lesezeit":"1\u00a0Minute"},"schema":{"@context":"https:\/\/schema.org","@graph":[{"@type":"WebPage","@id":"https:\/\/mbcorporatefinance.com\/?page_id=12","url":"https:\/\/mbcorporatefinance.com\/?page_id=12","name":"Dienstleistungen - MB Corporate Finance","isPartOf":{"@id":"https:\/\/mbcorporatefinance.com\/#website"},"primaryImageOfPage":{"@id":"https:\/\/mbcorporatefinance.com\/?page_id=12#primaryimage"},"image":{"@id":"https:\/\/mbcorporatefinance.com\/?page_id=12#primaryimage"},"thumbnailUrl":"https:\/\/mbcorporatefinance.com\/wp-content\/uploads\/2020\/09\/Unternehmen.png","datePublished":"2020-06-04T07:30:16+00:00","dateModified":"2020-09-22T06:26:07+00:00","breadcrumb":{"@id":"https:\/\/mbcorporatefinance.com\/?page_id=12#breadcrumb"},"inLanguage":"de","potentialAction":[{"@type":"ReadAction","target":["https:\/\/mbcorporatefinance.com\/?page_id=12"]}]},{"@type":"ImageObject","inLanguage":"de","@id":"https:\/\/mbcorporatefinance.com\/?page_id=12#primaryimage","url":"https:\/\/mbcorporatefinance.com\/wp-content\/uploads\/2020\/09\/Unternehmen.png","contentUrl":"https:\/\/mbcorporatefinance.com\/wp-content\/uploads\/2020\/09\/Unternehmen.png","width":2000,"height":1216},{"@type":"BreadcrumbList","@id":"https:\/\/mbcorporatefinance.com\/?page_id=12#breadcrumb","itemListElement":[{"@type":"ListItem","position":1,"name":"Startseite","item":"https:\/\/mbcorporatefinance.com\/"},{"@type":"ListItem","position":2,"name":"Dienstleistungen"}]},{"@type":"WebSite","@id":"https:\/\/mbcorporatefinance.com\/#website","url":"https:\/\/mbcorporatefinance.com\/","name":"MB Corporate Finance","description":"Corporate Finance","publisher":{"@id":"https:\/\/mbcorporatefinance.com\/#organization"},"potentialAction":[{"@type":"SearchAction","target":{"@type":"EntryPoint","urlTemplate":"https:\/\/mbcorporatefinance.com\/?s={search_term_string}"},"query-input":{"@type":"PropertyValueSpecification","valueRequired":true,"valueName":"search_term_string"}}],"inLanguage":"de"},{"@type":"Organization","@id":"https:\/\/mbcorporatefinance.com\/#organization","name":"MB Corporate Finance GmbH","url":"https:\/\/mbcorporatefinance.com\/","logo":{"@type":"ImageObject","inLanguage":"de","@id":"https:\/\/mbcorporatefinance.com\/#\/schema\/logo\/image\/","url":"https:\/\/mbcorporatefinance.com\/wp-content\/uploads\/2020\/07\/mb-finance-logo-fin-rgb.jpg","contentUrl":"https:\/\/mbcorporatefinance.com\/wp-content\/uploads\/2020\/07\/mb-finance-logo-fin-rgb.jpg","width":1334,"height":829,"caption":"MB Corporate Finance GmbH"},"image":{"@id":"https:\/\/mbcorporatefinance.com\/#\/schema\/logo\/image\/"},"sameAs":["https:\/\/www.facebook.com\/MB-Corporate-Finance-GmbH-118264553292309","https:\/\/www.linkedin.com\/company\/mb-corporate-finance-gmbh\/"]}]}},"_links":{"self":[{"href":"https:\/\/mbcorporatefinance.com\/index.php?rest_route=\/wp\/v2\/pages\/12","targetHints":{"allow":["GET"]}}],"collection":[{"href":"https:\/\/mbcorporatefinance.com\/index.php?rest_route=\/wp\/v2\/pages"}],"about":[{"href":"https:\/\/mbcorporatefinance.com\/index.php?rest_route=\/wp\/v2\/types\/page"}],"author":[{"embeddable":true,"href":"https:\/\/mbcorporatefinance.com\/index.php?rest_route=\/wp\/v2\/users\/1"}],"replies":[{"embeddable":true,"href":"https:\/\/mbcorporatefinance.com\/index.php?rest_route=%2Fwp%2Fv2%2Fcomments&post=12"}],"version-history":[{"count":27,"href":"https:\/\/mbcorporatefinance.com\/index.php?rest_route=\/wp\/v2\/pages\/12\/revisions"}],"predecessor-version":[{"id":275,"href":"https:\/\/mbcorporatefinance.com\/index.php?rest_route=\/wp\/v2\/pages\/12\/revisions\/275"}],"wp:attachment":[{"href":"https:\/\/mbcorporatefinance.com\/index.php?rest_route=%2Fwp%2Fv2%2Fmedia&parent=12"}],"curies":[{"name":"wp","href":"https:\/\/api.w.org\/{rel}","templated":true}]}}