{"id":101,"date":"2020-07-13T13:26:34","date_gmt":"2020-07-13T13:26:34","guid":{"rendered":"http:\/\/mb-cf.eu\/?page_id=101"},"modified":"2020-08-07T05:50:00","modified_gmt":"2020-08-07T05:50:00","slug":"unternehmensphilosophie","status":"publish","type":"page","link":"https:\/\/mbcorporatefinance.com\/?page_id=101","title":{"rendered":"Unternehmensphilosophie"},"content":{"rendered":"\t\t<div data-elementor-type=\"wp-page\" data-elementor-id=\"101\" class=\"elementor elementor-101\">\n\t\t\t\t\t\t<section class=\"elementor-section elementor-top-section elementor-element elementor-element-70b2512 elementor-section-boxed elementor-section-height-default elementor-section-height-default\" data-id=\"70b2512\" data-element_type=\"section\" data-e-type=\"section\">\n\t\t\t\t\t\t<div class=\"elementor-container elementor-column-gap-default\">\n\t\t\t\t\t<div class=\"elementor-column elementor-col-100 elementor-top-column elementor-element elementor-element-2354476\" data-id=\"2354476\" data-element_type=\"column\" data-e-type=\"column\">\n\t\t\t<div class=\"elementor-widget-wrap elementor-element-populated\">\n\t\t\t\t\t\t<div class=\"elementor-element elementor-element-02ac8b8 elementor-widget elementor-widget-heading\" data-id=\"02ac8b8\" data-element_type=\"widget\" data-e-type=\"widget\" data-widget_type=\"heading.default\">\n\t\t\t\t<div class=\"elementor-widget-container\">\n\t\t\t\t\t<h2 class=\"elementor-heading-title elementor-size-default\">Unternehmensphilosophie<\/h2>\t\t\t\t<\/div>\n\t\t\t\t<\/div>\n\t\t\t\t<div class=\"elementor-element elementor-element-3912383 elementor-widget elementor-widget-text-editor\" data-id=\"3912383\" data-element_type=\"widget\" data-e-type=\"widget\" data-widget_type=\"text-editor.default\">\n\t\t\t\t<div class=\"elementor-widget-container\">\n\t\t\t\t\t\t\t\t\t<p style=\"text-align: justify;\"><span style=\"font-size: 14pt; font-family: Lato, sans-serif; color: #575757;\">Mit der Beratungsleistung der MB Corporate Finance gehen h\u00f6chste ethische sowie professionelle Standards einher. Folgende Grunds\u00e4tze bilden das Fundament einer vertrauensvollen Zusammenarbeit und integren Unternehmenskultur:<\/span><\/p>\t\t\t\t\t\t\t\t<\/div>\n\t\t\t\t<\/div>\n\t\t\t\t<div class=\"elementor-element elementor-element-1f0432d elementor-widget elementor-widget-heading\" data-id=\"1f0432d\" data-element_type=\"widget\" data-e-type=\"widget\" data-widget_type=\"heading.default\">\n\t\t\t\t<div class=\"elementor-widget-container\">\n\t\t\t\t\t<h2 class=\"elementor-heading-title elementor-size-default\">Kundenengagement<\/h2>\t\t\t\t<\/div>\n\t\t\t\t<\/div>\n\t\t\t\t<div class=\"elementor-element elementor-element-a117763 elementor-widget elementor-widget-text-editor\" data-id=\"a117763\" data-element_type=\"widget\" data-e-type=\"widget\" data-widget_type=\"text-editor.default\">\n\t\t\t\t<div class=\"elementor-widget-container\">\n\t\t\t\t\t\t\t\t\t<p style=\"text-align: justify;\"><span style=\"font-family: lato, helvetica, sans-serif; color: #575757; font-size: 14pt;\">Das Ergebnis einer langfristigen und vertrauensvollen Gesch\u00e4ftsbeziehung steht im Kern der gemeinsamen Zusammenarbeit, um die Kunden der MB Corporate Finance bei ihrer Entwicklung zukunftsweisend zu begleiten. Ein durchdringendes Kundenverst\u00e4ndnis, ein individueller L\u00f6sungsansatz sowie eine langfristige Erfolgsausrichtung sind die Basis f\u00fcr eine gewinnbringende Partnerschaft.<\/span><\/p>\t\t\t\t\t\t\t\t<\/div>\n\t\t\t\t<\/div>\n\t\t\t\t<div class=\"elementor-element elementor-element-24b4654 elementor-widget elementor-widget-heading\" data-id=\"24b4654\" data-element_type=\"widget\" data-e-type=\"widget\" data-widget_type=\"heading.default\">\n\t\t\t\t<div class=\"elementor-widget-container\">\n\t\t\t\t\t<h2 class=\"elementor-heading-title elementor-size-default\">Effizienz<\/h2>\t\t\t\t<\/div>\n\t\t\t\t<\/div>\n\t\t\t\t<div class=\"elementor-element elementor-element-3f5a1ef elementor-widget elementor-widget-text-editor\" data-id=\"3f5a1ef\" data-element_type=\"widget\" data-e-type=\"widget\" data-widget_type=\"text-editor.default\">\n\t\t\t\t<div class=\"elementor-widget-container\">\n\t\t\t\t\t\t\t\t\t<p class=\"MsoNormal\" style=\"text-align: justify;\"><span style=\"font-size: 14pt; font-family: Lato, sans-serif;\">Im Fokus der Beratungsleistung steht die Ausarbeitung wirkungsvoller L\u00f6sungen. Das Handeln der MB Corporate Finance erfolgt zielorientiert und zeitlich optimiert, um eine Vorreiterrolle der Kunden in ihrem Marktsegment unterst\u00fctzen zu k\u00f6nnen.<\/span><\/p>\t\t\t\t\t\t\t\t<\/div>\n\t\t\t\t<\/div>\n\t\t\t\t<div class=\"elementor-element elementor-element-a2d32b3 elementor-widget elementor-widget-heading\" data-id=\"a2d32b3\" data-element_type=\"widget\" data-e-type=\"widget\" data-widget_type=\"heading.default\">\n\t\t\t\t<div class=\"elementor-widget-container\">\n\t\t\t\t\t<h2 class=\"elementor-heading-title elementor-size-default\">Zuverl\u00e4ssigkeit<\/h2>\t\t\t\t<\/div>\n\t\t\t\t<\/div>\n\t\t\t\t<div class=\"elementor-element elementor-element-df720c6 elementor-widget elementor-widget-text-editor\" data-id=\"df720c6\" data-element_type=\"widget\" data-e-type=\"widget\" data-widget_type=\"text-editor.default\">\n\t\t\t\t<div class=\"elementor-widget-container\">\n\t\t\t\t\t\t\t\t\t<p class=\"MsoNormal\" style=\"text-align: justify;\"><span style=\"font-size: 14pt; font-family: Lato, sans-serif;\">Die MB Corporate Finance GmbH \u00fcbernimmt ihren Auftrag als Unternehmensberatung mit Verantwortung. Verbindliche Absprachen und klar definierte Vorgaben geh\u00f6ren zur Tagesordnung. Somit steht die MBCF als kompetenter und zuverl\u00e4ssiger Partner an der Seite ihrer Kunden.<\/span><\/p>\t\t\t\t\t\t\t\t<\/div>\n\t\t\t\t<\/div>\n\t\t\t\t<div class=\"elementor-element elementor-element-9ed7d26 elementor-widget elementor-widget-heading\" data-id=\"9ed7d26\" data-element_type=\"widget\" data-e-type=\"widget\" data-widget_type=\"heading.default\">\n\t\t\t\t<div class=\"elementor-widget-container\">\n\t\t\t\t\t<h2 class=\"elementor-heading-title elementor-size-default\">Diskretion<\/h2>\t\t\t\t<\/div>\n\t\t\t\t<\/div>\n\t\t\t\t<div class=\"elementor-element elementor-element-9b2a834 elementor-widget elementor-widget-text-editor\" data-id=\"9b2a834\" data-element_type=\"widget\" data-e-type=\"widget\" data-widget_type=\"text-editor.default\">\n\t\t\t\t<div class=\"elementor-widget-container\">\n\t\t\t\t\t\t\t\t\t<p class=\"MsoNormal\" style=\"text-align: justify;\"><span style=\"font-size: 14pt; font-family: Lato, sans-serif;\">Als vertrauensvoller Partner behandelt die MBCF vertrauliche Unternehmensinformationen und sensible Projekte mit h\u00f6chster Diskretion und wahrt zu jedem Zeitpunkt die Integrit\u00e4t gegen\u00fcber ihren Kunden.<\/span><\/p>\t\t\t\t\t\t\t\t<\/div>\n\t\t\t\t<\/div>\n\t\t\t\t\t<\/div>\n\t\t<\/div>\n\t\t\t\t\t<\/div>\n\t\t<\/section>\n\t\t\t\t<\/div>\n\t\t","protected":false},"excerpt":{"rendered":"<p>Unternehmensphilosophie Mit der Beratungsleistung der MB Corporate Finance gehen h\u00f6chste ethische sowie professionelle Standards einher. Folgende Grunds\u00e4tze bilden das Fundament einer vertrauensvollen Zusammenarbeit und integren Unternehmenskultur: Kundenengagement Das Ergebnis einer langfristigen und vertrauensvollen Gesch\u00e4ftsbeziehung steht im Kern der gemeinsamen Zusammenarbeit, um die Kunden der MB Corporate Finance bei ihrer Entwicklung zukunftsweisend zu begleiten. Ein durchdringendes [&hellip;]<\/p>\n","protected":false},"author":1,"featured_media":0,"parent":0,"menu_order":0,"comment_status":"closed","ping_status":"closed","template":"","meta":{"footnotes":""},"class_list":["post-101","page","type-page","status-publish","hentry"],"yoast_head":"<!-- This site is optimized with the Yoast SEO plugin v27.3 - https:\/\/yoast.com\/product\/yoast-seo-wordpress\/ -->\n<title>Unternehmensphilosophie - MB Corporate Finance<\/title>\n<meta name=\"robots\" content=\"index, follow, max-snippet:-1, max-image-preview:large, max-video-preview:-1\" \/>\n<link rel=\"canonical\" href=\"https:\/\/mbcorporatefinance.com\/?page_id=101\" \/>\n<meta property=\"og:locale\" content=\"de_DE\" \/>\n<meta property=\"og:type\" content=\"article\" \/>\n<meta property=\"og:title\" content=\"Unternehmensphilosophie - MB Corporate Finance\" \/>\n<meta property=\"og:description\" content=\"Unternehmensphilosophie Mit der Beratungsleistung der MB Corporate Finance gehen h\u00f6chste ethische sowie professionelle Standards einher. Folgende Grunds\u00e4tze bilden das Fundament einer vertrauensvollen Zusammenarbeit und integren Unternehmenskultur: Kundenengagement Das Ergebnis einer langfristigen und vertrauensvollen Gesch\u00e4ftsbeziehung steht im Kern der gemeinsamen Zusammenarbeit, um die Kunden der MB Corporate Finance bei ihrer Entwicklung zukunftsweisend zu begleiten. Ein durchdringendes [&hellip;]\" \/>\n<meta property=\"og:url\" content=\"https:\/\/mbcorporatefinance.com\/?page_id=101\" \/>\n<meta property=\"og:site_name\" content=\"MB Corporate Finance\" \/>\n<meta property=\"article:publisher\" content=\"https:\/\/www.facebook.com\/MB-Corporate-Finance-GmbH-118264553292309\" \/>\n<meta property=\"article:modified_time\" content=\"2020-08-07T05:50:00+00:00\" \/>\n<meta name=\"twitter:card\" content=\"summary_large_image\" \/>\n<meta name=\"twitter:label1\" content=\"Gesch\u00e4tzte Lesezeit\" \/>\n\t<meta name=\"twitter:data1\" content=\"1\u00a0Minute\" \/>\n<script type=\"application\/ld+json\" class=\"yoast-schema-graph\">{\"@context\":\"https:\\\/\\\/schema.org\",\"@graph\":[{\"@type\":\"WebPage\",\"@id\":\"https:\\\/\\\/mbcorporatefinance.com\\\/?page_id=101\",\"url\":\"https:\\\/\\\/mbcorporatefinance.com\\\/?page_id=101\",\"name\":\"Unternehmensphilosophie - MB Corporate Finance\",\"isPartOf\":{\"@id\":\"https:\\\/\\\/mbcorporatefinance.com\\\/#website\"},\"datePublished\":\"2020-07-13T13:26:34+00:00\",\"dateModified\":\"2020-08-07T05:50:00+00:00\",\"breadcrumb\":{\"@id\":\"https:\\\/\\\/mbcorporatefinance.com\\\/?page_id=101#breadcrumb\"},\"inLanguage\":\"de\",\"potentialAction\":[{\"@type\":\"ReadAction\",\"target\":[\"https:\\\/\\\/mbcorporatefinance.com\\\/?page_id=101\"]}]},{\"@type\":\"BreadcrumbList\",\"@id\":\"https:\\\/\\\/mbcorporatefinance.com\\\/?page_id=101#breadcrumb\",\"itemListElement\":[{\"@type\":\"ListItem\",\"position\":1,\"name\":\"Startseite\",\"item\":\"https:\\\/\\\/mbcorporatefinance.com\\\/\"},{\"@type\":\"ListItem\",\"position\":2,\"name\":\"Unternehmensphilosophie\"}]},{\"@type\":\"WebSite\",\"@id\":\"https:\\\/\\\/mbcorporatefinance.com\\\/#website\",\"url\":\"https:\\\/\\\/mbcorporatefinance.com\\\/\",\"name\":\"MB Corporate Finance\",\"description\":\"Corporate Finance\",\"publisher\":{\"@id\":\"https:\\\/\\\/mbcorporatefinance.com\\\/#organization\"},\"potentialAction\":[{\"@type\":\"SearchAction\",\"target\":{\"@type\":\"EntryPoint\",\"urlTemplate\":\"https:\\\/\\\/mbcorporatefinance.com\\\/?s={search_term_string}\"},\"query-input\":{\"@type\":\"PropertyValueSpecification\",\"valueRequired\":true,\"valueName\":\"search_term_string\"}}],\"inLanguage\":\"de\"},{\"@type\":\"Organization\",\"@id\":\"https:\\\/\\\/mbcorporatefinance.com\\\/#organization\",\"name\":\"MB Corporate Finance GmbH\",\"url\":\"https:\\\/\\\/mbcorporatefinance.com\\\/\",\"logo\":{\"@type\":\"ImageObject\",\"inLanguage\":\"de\",\"@id\":\"https:\\\/\\\/mbcorporatefinance.com\\\/#\\\/schema\\\/logo\\\/image\\\/\",\"url\":\"https:\\\/\\\/mbcorporatefinance.com\\\/wp-content\\\/uploads\\\/2020\\\/07\\\/mb-finance-logo-fin-rgb.jpg\",\"contentUrl\":\"https:\\\/\\\/mbcorporatefinance.com\\\/wp-content\\\/uploads\\\/2020\\\/07\\\/mb-finance-logo-fin-rgb.jpg\",\"width\":1334,\"height\":829,\"caption\":\"MB Corporate Finance GmbH\"},\"image\":{\"@id\":\"https:\\\/\\\/mbcorporatefinance.com\\\/#\\\/schema\\\/logo\\\/image\\\/\"},\"sameAs\":[\"https:\\\/\\\/www.facebook.com\\\/MB-Corporate-Finance-GmbH-118264553292309\",\"https:\\\/\\\/www.linkedin.com\\\/company\\\/mb-corporate-finance-gmbh\\\/\"]}]}<\/script>\n<!-- \/ Yoast SEO plugin. -->","yoast_head_json":{"title":"Unternehmensphilosophie - MB Corporate Finance","robots":{"index":"index","follow":"follow","max-snippet":"max-snippet:-1","max-image-preview":"max-image-preview:large","max-video-preview":"max-video-preview:-1"},"canonical":"https:\/\/mbcorporatefinance.com\/?page_id=101","og_locale":"de_DE","og_type":"article","og_title":"Unternehmensphilosophie - MB Corporate Finance","og_description":"Unternehmensphilosophie Mit der Beratungsleistung der MB Corporate Finance gehen h\u00f6chste ethische sowie professionelle Standards einher. Folgende Grunds\u00e4tze bilden das Fundament einer vertrauensvollen Zusammenarbeit und integren Unternehmenskultur: Kundenengagement Das Ergebnis einer langfristigen und vertrauensvollen Gesch\u00e4ftsbeziehung steht im Kern der gemeinsamen Zusammenarbeit, um die Kunden der MB Corporate Finance bei ihrer Entwicklung zukunftsweisend zu begleiten. Ein durchdringendes [&hellip;]","og_url":"https:\/\/mbcorporatefinance.com\/?page_id=101","og_site_name":"MB Corporate Finance","article_publisher":"https:\/\/www.facebook.com\/MB-Corporate-Finance-GmbH-118264553292309","article_modified_time":"2020-08-07T05:50:00+00:00","twitter_card":"summary_large_image","twitter_misc":{"Gesch\u00e4tzte Lesezeit":"1\u00a0Minute"},"schema":{"@context":"https:\/\/schema.org","@graph":[{"@type":"WebPage","@id":"https:\/\/mbcorporatefinance.com\/?page_id=101","url":"https:\/\/mbcorporatefinance.com\/?page_id=101","name":"Unternehmensphilosophie - MB Corporate Finance","isPartOf":{"@id":"https:\/\/mbcorporatefinance.com\/#website"},"datePublished":"2020-07-13T13:26:34+00:00","dateModified":"2020-08-07T05:50:00+00:00","breadcrumb":{"@id":"https:\/\/mbcorporatefinance.com\/?page_id=101#breadcrumb"},"inLanguage":"de","potentialAction":[{"@type":"ReadAction","target":["https:\/\/mbcorporatefinance.com\/?page_id=101"]}]},{"@type":"BreadcrumbList","@id":"https:\/\/mbcorporatefinance.com\/?page_id=101#breadcrumb","itemListElement":[{"@type":"ListItem","position":1,"name":"Startseite","item":"https:\/\/mbcorporatefinance.com\/"},{"@type":"ListItem","position":2,"name":"Unternehmensphilosophie"}]},{"@type":"WebSite","@id":"https:\/\/mbcorporatefinance.com\/#website","url":"https:\/\/mbcorporatefinance.com\/","name":"MB Corporate Finance","description":"Corporate Finance","publisher":{"@id":"https:\/\/mbcorporatefinance.com\/#organization"},"potentialAction":[{"@type":"SearchAction","target":{"@type":"EntryPoint","urlTemplate":"https:\/\/mbcorporatefinance.com\/?s={search_term_string}"},"query-input":{"@type":"PropertyValueSpecification","valueRequired":true,"valueName":"search_term_string"}}],"inLanguage":"de"},{"@type":"Organization","@id":"https:\/\/mbcorporatefinance.com\/#organization","name":"MB Corporate Finance GmbH","url":"https:\/\/mbcorporatefinance.com\/","logo":{"@type":"ImageObject","inLanguage":"de","@id":"https:\/\/mbcorporatefinance.com\/#\/schema\/logo\/image\/","url":"https:\/\/mbcorporatefinance.com\/wp-content\/uploads\/2020\/07\/mb-finance-logo-fin-rgb.jpg","contentUrl":"https:\/\/mbcorporatefinance.com\/wp-content\/uploads\/2020\/07\/mb-finance-logo-fin-rgb.jpg","width":1334,"height":829,"caption":"MB Corporate Finance GmbH"},"image":{"@id":"https:\/\/mbcorporatefinance.com\/#\/schema\/logo\/image\/"},"sameAs":["https:\/\/www.facebook.com\/MB-Corporate-Finance-GmbH-118264553292309","https:\/\/www.linkedin.com\/company\/mb-corporate-finance-gmbh\/"]}]}},"_links":{"self":[{"href":"https:\/\/mbcorporatefinance.com\/index.php?rest_route=\/wp\/v2\/pages\/101","targetHints":{"allow":["GET"]}}],"collection":[{"href":"https:\/\/mbcorporatefinance.com\/index.php?rest_route=\/wp\/v2\/pages"}],"about":[{"href":"https:\/\/mbcorporatefinance.com\/index.php?rest_route=\/wp\/v2\/types\/page"}],"author":[{"embeddable":true,"href":"https:\/\/mbcorporatefinance.com\/index.php?rest_route=\/wp\/v2\/users\/1"}],"replies":[{"embeddable":true,"href":"https:\/\/mbcorporatefinance.com\/index.php?rest_route=%2Fwp%2Fv2%2Fcomments&post=101"}],"version-history":[{"count":6,"href":"https:\/\/mbcorporatefinance.com\/index.php?rest_route=\/wp\/v2\/pages\/101\/revisions"}],"predecessor-version":[{"id":214,"href":"https:\/\/mbcorporatefinance.com\/index.php?rest_route=\/wp\/v2\/pages\/101\/revisions\/214"}],"wp:attachment":[{"href":"https:\/\/mbcorporatefinance.com\/index.php?rest_route=%2Fwp%2Fv2%2Fmedia&parent=101"}],"curies":[{"name":"wp","href":"https:\/\/api.w.org\/{rel}","templated":true}]}}