{"id":100,"date":"2020-07-13T13:26:34","date_gmt":"2020-07-13T13:26:34","guid":{"rendered":"http:\/\/mb-cf.eu\/?page_id=100"},"modified":"2020-09-21T05:42:53","modified_gmt":"2020-09-21T05:42:53","slug":"historie","status":"publish","type":"page","link":"https:\/\/mbcorporatefinance.com\/?page_id=100","title":{"rendered":"Historie"},"content":{"rendered":"\t\t<div data-elementor-type=\"wp-page\" data-elementor-id=\"100\" class=\"elementor elementor-100\">\n\t\t\t\t\t\t<section class=\"elementor-section elementor-top-section elementor-element elementor-element-3d72c80 elementor-section-boxed elementor-section-height-default elementor-section-height-default\" data-id=\"3d72c80\" data-element_type=\"section\" data-e-type=\"section\">\n\t\t\t\t\t\t<div class=\"elementor-container elementor-column-gap-default\">\n\t\t\t\t\t<div class=\"elementor-column elementor-col-100 elementor-top-column elementor-element elementor-element-20d572f\" data-id=\"20d572f\" data-element_type=\"column\" data-e-type=\"column\">\n\t\t\t<div class=\"elementor-widget-wrap elementor-element-populated\">\n\t\t\t\t\t\t<div class=\"elementor-element elementor-element-bdc18cf elementor-widget elementor-widget-heading\" data-id=\"bdc18cf\" data-element_type=\"widget\" data-e-type=\"widget\" data-widget_type=\"heading.default\">\n\t\t\t\t<div class=\"elementor-widget-container\">\n\t\t\t\t\t<h2 class=\"elementor-heading-title elementor-size-default\">Historie<\/h2>\t\t\t\t<\/div>\n\t\t\t\t<\/div>\n\t\t\t\t<div class=\"elementor-element elementor-element-e33a0bf elementor-widget elementor-widget-text-editor\" data-id=\"e33a0bf\" data-element_type=\"widget\" data-e-type=\"widget\" data-widget_type=\"text-editor.default\">\n\t\t\t\t<div class=\"elementor-widget-container\">\n\t\t\t\t\t\t\t\t\t<p style=\"text-align: justify;\"><span style=\"font-family: lato, helvetica, sans-serif; font-size: 14pt; color: #575757;\">Die MB Corporate Finance GmbH ist eine unabh\u00e4ngige Beratung im Bereich der Unternehmensfinanzierung f\u00fcr kleine und mittelst\u00e4ndische Unternehmen. Im Rahmen einer komplexen Beratungsdienstleistung unterst\u00fctzt die MBCF ihre Kunden hinsichtlich der Finanzierungsstrukturierung, Kapitalbeschaffung sowie Transaktionsumsetzung.<\/span><\/p><p style=\"text-align: justify;\"><span style=\"font-family: lato, helvetica, sans-serif; font-size: 14pt; color: #575757;\">\u00a0<\/span><\/p><p style=\"text-align: justify;\"><span style=\"font-family: lato, helvetica, sans-serif; font-size: 14pt; color: #575757;\">Mit einem breiten Spektrum an alternativen Finanzierungsl\u00f6sungen unterst\u00fctzt die MB Corporate Finance branchen\u00fcbergreifend Unternehmen des Mittelstands im nationalen und internationalen Markt.<\/span><\/p><p style=\"text-align: justify;\"><span style=\"font-family: lato, helvetica, sans-serif; font-size: 14pt; color: #575757;\">\u00a0<\/span><\/p><p style=\"text-align: justify;\"><span style=\"font-family: lato, helvetica, sans-serif; font-size: 14pt; color: #575757;\">Die Berater der MB Corporate Finance blicken auf eine langj\u00e4hrige Erfahrung sowie ein hochwertiges Netzwerk in der Unternehmensfinanzierung und der Wirtschaft. Dank ihrer vorherigen T\u00e4tigkeiten verf\u00fcgen sie \u00fcber fachliche Expertise, weitreichende Kontakte sowie \u00fcbergreifende Kompetenzen, um zielorientierte und individuelle L\u00f6sungen bieten zu k\u00f6nnen.<\/span><\/p><p style=\"text-align: justify;\"><span style=\"font-family: lato, helvetica, sans-serif; font-size: 14pt; color: #575757;\">\u00a0<\/span><\/p><p style=\"text-align: justify;\"><span style=\"font-family: lato, helvetica, sans-serif; font-size: 14pt; color: #575757;\">Ein breitgef\u00e4chertes Netzwerk an nationalen und internationalen Finanzierern, Kapitalgebern und Investoren, erm\u00f6glicht eine ma\u00dfgeschneiderte und innovative Realisierung von Finanzierungstransaktionen.\u00a0<\/span><\/p>\t\t\t\t\t\t\t\t<\/div>\n\t\t\t\t<\/div>\n\t\t\t\t\t<\/div>\n\t\t<\/div>\n\t\t\t\t\t<\/div>\n\t\t<\/section>\n\t\t\t\t<\/div>\n\t\t","protected":false},"excerpt":{"rendered":"<p>Historie Die MB Corporate Finance GmbH ist eine unabh\u00e4ngige Beratung im Bereich der Unternehmensfinanzierung f\u00fcr kleine und mittelst\u00e4ndische Unternehmen. Im Rahmen einer komplexen Beratungsdienstleistung unterst\u00fctzt die MBCF ihre Kunden hinsichtlich der Finanzierungsstrukturierung, Kapitalbeschaffung sowie Transaktionsumsetzung. \u00a0 Mit einem breiten Spektrum an alternativen Finanzierungsl\u00f6sungen unterst\u00fctzt die MB Corporate Finance branchen\u00fcbergreifend Unternehmen des Mittelstands im nationalen und [&hellip;]<\/p>\n","protected":false},"author":1,"featured_media":0,"parent":0,"menu_order":0,"comment_status":"closed","ping_status":"closed","template":"","meta":{"footnotes":""},"class_list":["post-100","page","type-page","status-publish","hentry"],"yoast_head":"<!-- This site is optimized with the Yoast SEO plugin v27.3 - https:\/\/yoast.com\/product\/yoast-seo-wordpress\/ -->\n<title>Historie - MB Corporate Finance<\/title>\n<meta name=\"robots\" content=\"index, follow, max-snippet:-1, max-image-preview:large, max-video-preview:-1\" \/>\n<link rel=\"canonical\" href=\"https:\/\/mbcorporatefinance.com\/?page_id=100\" \/>\n<meta property=\"og:locale\" content=\"de_DE\" \/>\n<meta property=\"og:type\" content=\"article\" \/>\n<meta property=\"og:title\" content=\"Historie - MB Corporate Finance\" \/>\n<meta property=\"og:description\" content=\"Historie Die MB Corporate Finance GmbH ist eine unabh\u00e4ngige Beratung im Bereich der Unternehmensfinanzierung f\u00fcr kleine und mittelst\u00e4ndische Unternehmen. Im Rahmen einer komplexen Beratungsdienstleistung unterst\u00fctzt die MBCF ihre Kunden hinsichtlich der Finanzierungsstrukturierung, Kapitalbeschaffung sowie Transaktionsumsetzung. \u00a0 Mit einem breiten Spektrum an alternativen Finanzierungsl\u00f6sungen unterst\u00fctzt die MB Corporate Finance branchen\u00fcbergreifend Unternehmen des Mittelstands im nationalen und [&hellip;]\" \/>\n<meta property=\"og:url\" content=\"https:\/\/mbcorporatefinance.com\/?page_id=100\" \/>\n<meta property=\"og:site_name\" content=\"MB Corporate Finance\" \/>\n<meta property=\"article:publisher\" content=\"https:\/\/www.facebook.com\/MB-Corporate-Finance-GmbH-118264553292309\" \/>\n<meta property=\"article:modified_time\" content=\"2020-09-21T05:42:53+00:00\" \/>\n<meta name=\"twitter:card\" content=\"summary_large_image\" \/>\n<meta name=\"twitter:label1\" content=\"Gesch\u00e4tzte Lesezeit\" \/>\n\t<meta name=\"twitter:data1\" content=\"1\u00a0Minute\" \/>\n<script type=\"application\/ld+json\" class=\"yoast-schema-graph\">{\"@context\":\"https:\\\/\\\/schema.org\",\"@graph\":[{\"@type\":\"WebPage\",\"@id\":\"https:\\\/\\\/mbcorporatefinance.com\\\/?page_id=100\",\"url\":\"https:\\\/\\\/mbcorporatefinance.com\\\/?page_id=100\",\"name\":\"Historie - MB Corporate Finance\",\"isPartOf\":{\"@id\":\"https:\\\/\\\/mbcorporatefinance.com\\\/#website\"},\"datePublished\":\"2020-07-13T13:26:34+00:00\",\"dateModified\":\"2020-09-21T05:42:53+00:00\",\"breadcrumb\":{\"@id\":\"https:\\\/\\\/mbcorporatefinance.com\\\/?page_id=100#breadcrumb\"},\"inLanguage\":\"de\",\"potentialAction\":[{\"@type\":\"ReadAction\",\"target\":[\"https:\\\/\\\/mbcorporatefinance.com\\\/?page_id=100\"]}]},{\"@type\":\"BreadcrumbList\",\"@id\":\"https:\\\/\\\/mbcorporatefinance.com\\\/?page_id=100#breadcrumb\",\"itemListElement\":[{\"@type\":\"ListItem\",\"position\":1,\"name\":\"Startseite\",\"item\":\"https:\\\/\\\/mbcorporatefinance.com\\\/\"},{\"@type\":\"ListItem\",\"position\":2,\"name\":\"Historie\"}]},{\"@type\":\"WebSite\",\"@id\":\"https:\\\/\\\/mbcorporatefinance.com\\\/#website\",\"url\":\"https:\\\/\\\/mbcorporatefinance.com\\\/\",\"name\":\"MB Corporate Finance\",\"description\":\"Corporate Finance\",\"publisher\":{\"@id\":\"https:\\\/\\\/mbcorporatefinance.com\\\/#organization\"},\"potentialAction\":[{\"@type\":\"SearchAction\",\"target\":{\"@type\":\"EntryPoint\",\"urlTemplate\":\"https:\\\/\\\/mbcorporatefinance.com\\\/?s={search_term_string}\"},\"query-input\":{\"@type\":\"PropertyValueSpecification\",\"valueRequired\":true,\"valueName\":\"search_term_string\"}}],\"inLanguage\":\"de\"},{\"@type\":\"Organization\",\"@id\":\"https:\\\/\\\/mbcorporatefinance.com\\\/#organization\",\"name\":\"MB Corporate Finance GmbH\",\"url\":\"https:\\\/\\\/mbcorporatefinance.com\\\/\",\"logo\":{\"@type\":\"ImageObject\",\"inLanguage\":\"de\",\"@id\":\"https:\\\/\\\/mbcorporatefinance.com\\\/#\\\/schema\\\/logo\\\/image\\\/\",\"url\":\"https:\\\/\\\/mbcorporatefinance.com\\\/wp-content\\\/uploads\\\/2020\\\/07\\\/mb-finance-logo-fin-rgb.jpg\",\"contentUrl\":\"https:\\\/\\\/mbcorporatefinance.com\\\/wp-content\\\/uploads\\\/2020\\\/07\\\/mb-finance-logo-fin-rgb.jpg\",\"width\":1334,\"height\":829,\"caption\":\"MB Corporate Finance GmbH\"},\"image\":{\"@id\":\"https:\\\/\\\/mbcorporatefinance.com\\\/#\\\/schema\\\/logo\\\/image\\\/\"},\"sameAs\":[\"https:\\\/\\\/www.facebook.com\\\/MB-Corporate-Finance-GmbH-118264553292309\",\"https:\\\/\\\/www.linkedin.com\\\/company\\\/mb-corporate-finance-gmbh\\\/\"]}]}<\/script>\n<!-- \/ Yoast SEO plugin. -->","yoast_head_json":{"title":"Historie - MB Corporate Finance","robots":{"index":"index","follow":"follow","max-snippet":"max-snippet:-1","max-image-preview":"max-image-preview:large","max-video-preview":"max-video-preview:-1"},"canonical":"https:\/\/mbcorporatefinance.com\/?page_id=100","og_locale":"de_DE","og_type":"article","og_title":"Historie - MB Corporate Finance","og_description":"Historie Die MB Corporate Finance GmbH ist eine unabh\u00e4ngige Beratung im Bereich der Unternehmensfinanzierung f\u00fcr kleine und mittelst\u00e4ndische Unternehmen. Im Rahmen einer komplexen Beratungsdienstleistung unterst\u00fctzt die MBCF ihre Kunden hinsichtlich der Finanzierungsstrukturierung, Kapitalbeschaffung sowie Transaktionsumsetzung. \u00a0 Mit einem breiten Spektrum an alternativen Finanzierungsl\u00f6sungen unterst\u00fctzt die MB Corporate Finance branchen\u00fcbergreifend Unternehmen des Mittelstands im nationalen und [&hellip;]","og_url":"https:\/\/mbcorporatefinance.com\/?page_id=100","og_site_name":"MB Corporate Finance","article_publisher":"https:\/\/www.facebook.com\/MB-Corporate-Finance-GmbH-118264553292309","article_modified_time":"2020-09-21T05:42:53+00:00","twitter_card":"summary_large_image","twitter_misc":{"Gesch\u00e4tzte Lesezeit":"1\u00a0Minute"},"schema":{"@context":"https:\/\/schema.org","@graph":[{"@type":"WebPage","@id":"https:\/\/mbcorporatefinance.com\/?page_id=100","url":"https:\/\/mbcorporatefinance.com\/?page_id=100","name":"Historie - MB Corporate Finance","isPartOf":{"@id":"https:\/\/mbcorporatefinance.com\/#website"},"datePublished":"2020-07-13T13:26:34+00:00","dateModified":"2020-09-21T05:42:53+00:00","breadcrumb":{"@id":"https:\/\/mbcorporatefinance.com\/?page_id=100#breadcrumb"},"inLanguage":"de","potentialAction":[{"@type":"ReadAction","target":["https:\/\/mbcorporatefinance.com\/?page_id=100"]}]},{"@type":"BreadcrumbList","@id":"https:\/\/mbcorporatefinance.com\/?page_id=100#breadcrumb","itemListElement":[{"@type":"ListItem","position":1,"name":"Startseite","item":"https:\/\/mbcorporatefinance.com\/"},{"@type":"ListItem","position":2,"name":"Historie"}]},{"@type":"WebSite","@id":"https:\/\/mbcorporatefinance.com\/#website","url":"https:\/\/mbcorporatefinance.com\/","name":"MB Corporate Finance","description":"Corporate Finance","publisher":{"@id":"https:\/\/mbcorporatefinance.com\/#organization"},"potentialAction":[{"@type":"SearchAction","target":{"@type":"EntryPoint","urlTemplate":"https:\/\/mbcorporatefinance.com\/?s={search_term_string}"},"query-input":{"@type":"PropertyValueSpecification","valueRequired":true,"valueName":"search_term_string"}}],"inLanguage":"de"},{"@type":"Organization","@id":"https:\/\/mbcorporatefinance.com\/#organization","name":"MB Corporate Finance GmbH","url":"https:\/\/mbcorporatefinance.com\/","logo":{"@type":"ImageObject","inLanguage":"de","@id":"https:\/\/mbcorporatefinance.com\/#\/schema\/logo\/image\/","url":"https:\/\/mbcorporatefinance.com\/wp-content\/uploads\/2020\/07\/mb-finance-logo-fin-rgb.jpg","contentUrl":"https:\/\/mbcorporatefinance.com\/wp-content\/uploads\/2020\/07\/mb-finance-logo-fin-rgb.jpg","width":1334,"height":829,"caption":"MB Corporate Finance GmbH"},"image":{"@id":"https:\/\/mbcorporatefinance.com\/#\/schema\/logo\/image\/"},"sameAs":["https:\/\/www.facebook.com\/MB-Corporate-Finance-GmbH-118264553292309","https:\/\/www.linkedin.com\/company\/mb-corporate-finance-gmbh\/"]}]}},"_links":{"self":[{"href":"https:\/\/mbcorporatefinance.com\/index.php?rest_route=\/wp\/v2\/pages\/100","targetHints":{"allow":["GET"]}}],"collection":[{"href":"https:\/\/mbcorporatefinance.com\/index.php?rest_route=\/wp\/v2\/pages"}],"about":[{"href":"https:\/\/mbcorporatefinance.com\/index.php?rest_route=\/wp\/v2\/types\/page"}],"author":[{"embeddable":true,"href":"https:\/\/mbcorporatefinance.com\/index.php?rest_route=\/wp\/v2\/users\/1"}],"replies":[{"embeddable":true,"href":"https:\/\/mbcorporatefinance.com\/index.php?rest_route=%2Fwp%2Fv2%2Fcomments&post=100"}],"version-history":[{"count":14,"href":"https:\/\/mbcorporatefinance.com\/index.php?rest_route=\/wp\/v2\/pages\/100\/revisions"}],"predecessor-version":[{"id":260,"href":"https:\/\/mbcorporatefinance.com\/index.php?rest_route=\/wp\/v2\/pages\/100\/revisions\/260"}],"wp:attachment":[{"href":"https:\/\/mbcorporatefinance.com\/index.php?rest_route=%2Fwp%2Fv2%2Fmedia&parent=100"}],"curies":[{"name":"wp","href":"https:\/\/api.w.org\/{rel}","templated":true}]}}